{"id":199017,"date":"2021-10-04T09:03:04","date_gmt":"2021-10-04T06:03:04","guid":{"rendered":"http:\/\/dev.tactic.net\/tuote\/jobs-memo\/"},"modified":"2023-10-25T13:41:41","modified_gmt":"2023-10-25T10:41:41","slug":"jobs-memo","status":"publish","type":"product","link":"https:\/\/games.tactic.net\/fr\/tuote\/jobs-memo\/","title":{"rendered":"Tactic M\u00e9mo Jobs"},"content":{"rendered":"<p>Un jeu de memory color\u00e9 plein de m\u00e9tiers diff\u00e9rents ! \u00c9tale les tuiles sur la table et retourne les deux par deux. Si les illustrations sur les tuiles sont identiques, vous les remportez. Le joueur en ayant collect\u00e9 le plus \u00e0 l\u2019issue de la partie est d\u00e9clar\u00e9 vainqueur !<\/p>\n","protected":false},"excerpt":{"rendered":"<p>Un jeu de memory color\u00e9 plein de m\u00e9tiers diff\u00e9rents ! \u00c9tale les tuiles sur la table et retourne les deux par deux. Si les illustrations sur les tuiles sont identiques, vous les remportez. Le joueur en ayant collect\u00e9 le plus \u00e0 l\u2019issue de la partie est d\u00e9clar\u00e9 vainqueur !<\/p>\n","protected":false},"featured_media":0,"template":"","meta":{"content-type":"","_monsterinsights_skip_tracking":false,"_monsterinsights_sitenote_active":false,"_monsterinsights_sitenote_note":"","_monsterinsights_sitenote_category":0},"product_brand":[],"product_cat":[1865],"product_tag":[1236],"brand":[],"target-group":[],"discontinued":[],"class_list":{"0":"post-199017","1":"product","2":"type-product","3":"status-publish","5":"product_cat-memos","6":"product_tag-combiner-fr","8":"first","9":"instock","10":"taxable","11":"shipping-taxable","12":"product-type-simple"},"aioseo_notices":[],"_links":{"self":[{"href":"https:\/\/games.tactic.net\/fr\/wp-json\/wp\/v2\/product\/199017","targetHints":{"allow":["GET"]}}],"collection":[{"href":"https:\/\/games.tactic.net\/fr\/wp-json\/wp\/v2\/product"}],"about":[{"href":"https:\/\/games.tactic.net\/fr\/wp-json\/wp\/v2\/types\/product"}],"wp:attachment":[{"href":"https:\/\/games.tactic.net\/fr\/wp-json\/wp\/v2\/media?parent=199017"}],"wp:term":[{"taxonomy":"product_brand","embeddable":true,"href":"https:\/\/games.tactic.net\/fr\/wp-json\/wp\/v2\/product_brand?post=199017"},{"taxonomy":"product_cat","embeddable":true,"href":"https:\/\/games.tactic.net\/fr\/wp-json\/wp\/v2\/product_cat?post=199017"},{"taxonomy":"product_tag","embeddable":true,"href":"https:\/\/games.tactic.net\/fr\/wp-json\/wp\/v2\/product_tag?post=199017"},{"taxonomy":"brand","embeddable":true,"href":"https:\/\/games.tactic.net\/fr\/wp-json\/wp\/v2\/brand?post=199017"},{"taxonomy":"target-group","embeddable":true,"href":"https:\/\/games.tactic.net\/fr\/wp-json\/wp\/v2\/target-group?post=199017"},{"taxonomy":"discontinued","embeddable":true,"href":"https:\/\/games.tactic.net\/fr\/wp-json\/wp\/v2\/discontinued?post=199017"}],"curies":[{"name":"wp","href":"https:\/\/api.w.org\/{rel}","templated":true}]}}