{"id":198944,"date":"2021-10-04T09:00:42","date_gmt":"2021-10-04T06:00:42","guid":{"rendered":"http:\/\/dev.tactic.net\/tuote\/magic-box-xxl\/"},"modified":"2023-10-25T14:02:36","modified_gmt":"2023-10-25T11:02:36","slug":"magic-box-xxl","status":"publish","type":"product","link":"https:\/\/games.tactic.net\/fr\/tuote\/magic-box-xxl\/","title":{"rendered":"Magic Box XXL"},"content":{"rendered":"<p>Faites des tours de cartes, des tours de disparition, des tours de pi\u00e8ces et de nombreuses autres tours de magie avec ce coffret complet.<\/p>\n","protected":false},"excerpt":{"rendered":"<p>Entra\u00eene-toi \u00e0 r\u00e9aliser des tours de cartes, des disparitions et de nombreux autres num\u00e9ros gr\u00e2ce \u00e0 ce coffret du parfait magicien.Contient le mat\u00e9riel et les instructions pour plus de 55 tours !<\/p>\n","protected":false},"featured_media":0,"template":"","meta":{"content-type":"","_monsterinsights_skip_tracking":false,"_monsterinsights_sitenote_active":false,"_monsterinsights_sitenote_note":"","_monsterinsights_sitenote_category":0},"product_brand":[],"product_cat":[1703],"product_tag":[],"brand":[],"target-group":[],"discontinued":[],"class_list":{"0":"post-198944","1":"product","2":"type-product","3":"status-publish","5":"product_cat-jeux-de-magie-jouets","7":"first","8":"instock","9":"taxable","10":"shipping-taxable","11":"product-type-simple"},"aioseo_notices":[],"_links":{"self":[{"href":"https:\/\/games.tactic.net\/fr\/wp-json\/wp\/v2\/product\/198944","targetHints":{"allow":["GET"]}}],"collection":[{"href":"https:\/\/games.tactic.net\/fr\/wp-json\/wp\/v2\/product"}],"about":[{"href":"https:\/\/games.tactic.net\/fr\/wp-json\/wp\/v2\/types\/product"}],"wp:attachment":[{"href":"https:\/\/games.tactic.net\/fr\/wp-json\/wp\/v2\/media?parent=198944"}],"wp:term":[{"taxonomy":"product_brand","embeddable":true,"href":"https:\/\/games.tactic.net\/fr\/wp-json\/wp\/v2\/product_brand?post=198944"},{"taxonomy":"product_cat","embeddable":true,"href":"https:\/\/games.tactic.net\/fr\/wp-json\/wp\/v2\/product_cat?post=198944"},{"taxonomy":"product_tag","embeddable":true,"href":"https:\/\/games.tactic.net\/fr\/wp-json\/wp\/v2\/product_tag?post=198944"},{"taxonomy":"brand","embeddable":true,"href":"https:\/\/games.tactic.net\/fr\/wp-json\/wp\/v2\/brand?post=198944"},{"taxonomy":"target-group","embeddable":true,"href":"https:\/\/games.tactic.net\/fr\/wp-json\/wp\/v2\/target-group?post=198944"},{"taxonomy":"discontinued","embeddable":true,"href":"https:\/\/games.tactic.net\/fr\/wp-json\/wp\/v2\/discontinued?post=198944"}],"curies":[{"name":"wp","href":"https:\/\/api.w.org\/{rel}","templated":true}]}}