{"id":198929,"date":"2021-10-04T08:59:11","date_gmt":"2021-10-04T05:59:11","guid":{"rendered":"http:\/\/dev.tactic.net\/tuote\/tapis-de-jeu\/"},"modified":"2023-10-20T13:21:30","modified_gmt":"2023-10-20T10:21:30","slug":"tapis-de-jeu","status":"publish","type":"product","link":"https:\/\/games.tactic.net\/fr\/tuote\/tapis-de-jeu\/","title":{"rendered":"Tactic Pro Poker Tapis De Jeu"},"content":{"rendered":"<p>1 tapis de jeu en feutre vert comportant un marquage blanc ProPoker. Dimensions tapis ouvert : 600 x 915 mm Pr\u00e9sentation pli\u00e9e : l 250 x ht 330 mm Pr\u00e9sentation sous film cristal avec bandeau pegboardable<\/p>\n","protected":false},"excerpt":{"rendered":"<p>1 tapis de jeu en feutre vert comportant un marquage blanc ProPoker<\/p>\n","protected":false},"featured_media":0,"template":"","meta":{"content-type":"","_monsterinsights_skip_tracking":false,"_monsterinsights_sitenote_active":false,"_monsterinsights_sitenote_note":"","_monsterinsights_sitenote_category":0},"product_brand":[],"product_cat":[1881],"product_tag":[],"brand":[],"target-group":[],"discontinued":[],"class_list":{"0":"post-198929","1":"product","2":"type-product","3":"status-publish","5":"product_cat-poker-autres-jeux","7":"first","8":"instock","9":"taxable","10":"shipping-taxable","11":"product-type-simple"},"aioseo_notices":[],"_links":{"self":[{"href":"https:\/\/games.tactic.net\/fr\/wp-json\/wp\/v2\/product\/198929","targetHints":{"allow":["GET"]}}],"collection":[{"href":"https:\/\/games.tactic.net\/fr\/wp-json\/wp\/v2\/product"}],"about":[{"href":"https:\/\/games.tactic.net\/fr\/wp-json\/wp\/v2\/types\/product"}],"wp:attachment":[{"href":"https:\/\/games.tactic.net\/fr\/wp-json\/wp\/v2\/media?parent=198929"}],"wp:term":[{"taxonomy":"product_brand","embeddable":true,"href":"https:\/\/games.tactic.net\/fr\/wp-json\/wp\/v2\/product_brand?post=198929"},{"taxonomy":"product_cat","embeddable":true,"href":"https:\/\/games.tactic.net\/fr\/wp-json\/wp\/v2\/product_cat?post=198929"},{"taxonomy":"product_tag","embeddable":true,"href":"https:\/\/games.tactic.net\/fr\/wp-json\/wp\/v2\/product_tag?post=198929"},{"taxonomy":"brand","embeddable":true,"href":"https:\/\/games.tactic.net\/fr\/wp-json\/wp\/v2\/brand?post=198929"},{"taxonomy":"target-group","embeddable":true,"href":"https:\/\/games.tactic.net\/fr\/wp-json\/wp\/v2\/target-group?post=198929"},{"taxonomy":"discontinued","embeddable":true,"href":"https:\/\/games.tactic.net\/fr\/wp-json\/wp\/v2\/discontinued?post=198929"}],"curies":[{"name":"wp","href":"https:\/\/api.w.org\/{rel}","templated":true}]}}