{"id":198914,"date":"2021-10-04T08:58:42","date_gmt":"2021-10-04T05:58:42","guid":{"rendered":"http:\/\/dev.tactic.net\/tuote\/cartes-a-jouer-100-plastique\/"},"modified":"2022-02-03T09:25:49","modified_gmt":"2022-02-03T07:25:49","slug":"cartes-a-jouer-100-plastique","status":"publish","type":"product","link":"https:\/\/games.tactic.net\/fr\/tuote\/cartes-a-jouer-100-plastique\/","title":{"rendered":"Cartes \u00e0 jouer 100% plastique"},"content":{"rendered":"<p>Fabriqu\u00e9es avec les meilleurs mat\u00e9riaux. <br \/>\u2022 R\u00e9sistantes et agr\u00e9ables \u00e0 manipuler, elles sont aussi <br \/>\u2022 imperm\u00e9ables. <br \/>\u2022 Display de 12 jeux. Dimensions : 14x14x10 cm<\/p>\n","protected":false},"excerpt":{"rendered":"\n<div title=\"Page 14\" class=\"page\">\n<div class=\"section\">\n<div class=\"layoutArea\">\n<div class=\"column\">\n<div>\n<div title=\"Page 14\" class=\"page\">\n<div class=\"section\">\n<div class=\"layoutArea\">\n<div class=\"column\">\n<div><\/div>\n<div><font color=\"#1c1c1b\" face=\"MyriadPro\"><\/font><\/div>\n<\/div><\/div>\n<\/p><\/div>\n<\/p><\/div>\n<\/div>\n<\/div><\/div>\n<\/p><\/div>\n<\/p><\/div>\n","protected":false},"featured_media":0,"template":"","meta":{"content-type":"","_monsterinsights_skip_tracking":false,"_monsterinsights_sitenote_active":false,"_monsterinsights_sitenote_note":"","_monsterinsights_sitenote_category":0},"product_brand":[],"product_cat":[1881],"product_tag":[1036],"brand":[],"target-group":[],"discontinued":[],"class_list":{"0":"post-198914","1":"product","2":"type-product","3":"status-publish","5":"product_cat-poker-autres-jeux","6":"product_tag-passe-temps","8":"first","9":"instock","10":"taxable","11":"shipping-taxable","12":"product-type-simple"},"aioseo_notices":[],"_links":{"self":[{"href":"https:\/\/games.tactic.net\/fr\/wp-json\/wp\/v2\/product\/198914","targetHints":{"allow":["GET"]}}],"collection":[{"href":"https:\/\/games.tactic.net\/fr\/wp-json\/wp\/v2\/product"}],"about":[{"href":"https:\/\/games.tactic.net\/fr\/wp-json\/wp\/v2\/types\/product"}],"wp:attachment":[{"href":"https:\/\/games.tactic.net\/fr\/wp-json\/wp\/v2\/media?parent=198914"}],"wp:term":[{"taxonomy":"product_brand","embeddable":true,"href":"https:\/\/games.tactic.net\/fr\/wp-json\/wp\/v2\/product_brand?post=198914"},{"taxonomy":"product_cat","embeddable":true,"href":"https:\/\/games.tactic.net\/fr\/wp-json\/wp\/v2\/product_cat?post=198914"},{"taxonomy":"product_tag","embeddable":true,"href":"https:\/\/games.tactic.net\/fr\/wp-json\/wp\/v2\/product_tag?post=198914"},{"taxonomy":"brand","embeddable":true,"href":"https:\/\/games.tactic.net\/fr\/wp-json\/wp\/v2\/brand?post=198914"},{"taxonomy":"target-group","embeddable":true,"href":"https:\/\/games.tactic.net\/fr\/wp-json\/wp\/v2\/target-group?post=198914"},{"taxonomy":"discontinued","embeddable":true,"href":"https:\/\/games.tactic.net\/fr\/wp-json\/wp\/v2\/discontinued?post=198914"}],"curies":[{"name":"wp","href":"https:\/\/api.w.org\/{rel}","templated":true}]}}