{"id":198885,"date":"2021-10-04T08:57:11","date_gmt":"2021-10-04T05:57:11","guid":{"rendered":"http:\/\/dev.tactic.net\/tuote\/mallette-metal-300-jetons\/"},"modified":"2023-10-20T13:21:10","modified_gmt":"2023-10-20T10:21:10","slug":"mallette-metal-300-jetons","status":"publish","type":"product","link":"https:\/\/games.tactic.net\/fr\/tuote\/mallette-metal-300-jetons\/","title":{"rendered":"Tactic Pro Poker Mallette m\u00e9tal 300 jetons"},"content":{"rendered":"<p>Contenu : 300 jetons qualit\u00e9 pro 11.5 g, 39 mm diam\u00e8tre, 4 coloris : 75 jetons rouges, 75 jetons bleus, 75 jetons noirs, 75 jetons verts ; 2 jeux de 52 cartes ProPoker plastifi\u00e9es qualit\u00e9 casino ; 1 bouton dealer ; 5 d\u00e9s ; 1 livret multilingues de r\u00e8gles de jeu. Poids de la mallette 4.8 kg.<\/p>\n","protected":false},"excerpt":{"rendered":"<p>Des jetons de poker de qualit\u00e9 dans une valise r\u00e9sistante. Contenu : 300 jetons qualit\u00e9 pro 11.5 g, 39 mm diam\u00e8tre, 4 coloris : 75 jetons rouges, 75 jetons bleus, 75 jetons noirs, 75 jetons verts ; 2 jeux de 52 cartes ProPoker plastifi\u00e9es qualit\u00e9 casino ; 1 bouton dealer ; 5 d\u00e9s ; 1 livret multilingues de r\u00e8gles de jeu. Poids de la mallette 4.8 kg.<\/p>\n","protected":false},"featured_media":0,"template":"","meta":{"content-type":"","_monsterinsights_skip_tracking":false,"_monsterinsights_sitenote_active":false,"_monsterinsights_sitenote_note":"","_monsterinsights_sitenote_category":0},"product_brand":[],"product_cat":[1881],"product_tag":[1031,1246,898],"brand":[],"target-group":[],"discontinued":[],"class_list":{"0":"post-198885","1":"product","2":"type-product","3":"status-publish","5":"product_cat-poker-autres-jeux","6":"product_tag-chance","7":"product_tag-strategie-fr","8":"product_tag-tactique","10":"first","11":"outofstock","12":"taxable","13":"shipping-taxable","14":"product-type-simple"},"aioseo_notices":[],"_links":{"self":[{"href":"https:\/\/games.tactic.net\/fr\/wp-json\/wp\/v2\/product\/198885","targetHints":{"allow":["GET"]}}],"collection":[{"href":"https:\/\/games.tactic.net\/fr\/wp-json\/wp\/v2\/product"}],"about":[{"href":"https:\/\/games.tactic.net\/fr\/wp-json\/wp\/v2\/types\/product"}],"wp:attachment":[{"href":"https:\/\/games.tactic.net\/fr\/wp-json\/wp\/v2\/media?parent=198885"}],"wp:term":[{"taxonomy":"product_brand","embeddable":true,"href":"https:\/\/games.tactic.net\/fr\/wp-json\/wp\/v2\/product_brand?post=198885"},{"taxonomy":"product_cat","embeddable":true,"href":"https:\/\/games.tactic.net\/fr\/wp-json\/wp\/v2\/product_cat?post=198885"},{"taxonomy":"product_tag","embeddable":true,"href":"https:\/\/games.tactic.net\/fr\/wp-json\/wp\/v2\/product_tag?post=198885"},{"taxonomy":"brand","embeddable":true,"href":"https:\/\/games.tactic.net\/fr\/wp-json\/wp\/v2\/brand?post=198885"},{"taxonomy":"target-group","embeddable":true,"href":"https:\/\/games.tactic.net\/fr\/wp-json\/wp\/v2\/target-group?post=198885"},{"taxonomy":"discontinued","embeddable":true,"href":"https:\/\/games.tactic.net\/fr\/wp-json\/wp\/v2\/discontinued?post=198885"}],"curies":[{"name":"wp","href":"https:\/\/api.w.org\/{rel}","templated":true}]}}