{"id":198855,"date":"2021-10-04T08:55:34","date_gmt":"2021-10-04T05:55:34","guid":{"rendered":"http:\/\/dev.tactic.net\/tuote\/coffret-metal-tout-en-1\/"},"modified":"2023-10-20T13:22:09","modified_gmt":"2023-10-20T10:22:09","slug":"coffret-metal-tout-en-1","status":"publish","type":"product","link":"https:\/\/games.tactic.net\/fr\/tuote\/coffret-metal-tout-en-1\/","title":{"rendered":"Tactic Pro Poker: Coffret m\u00e9tal tout en 1"},"content":{"rendered":"<p>Contient absolument tout ce dont vous avez besoin pour une v\u00e9ritable soir\u00e9e poker : 200 jetons design classique (50 blancs, 50 rouges, 50 bleus, 25 noirs, 25 verts), 3 boutons (Big Blind, Small Blind, Dealer), 2 jeux de cartes.<\/p>\n","protected":false},"excerpt":{"rendered":"<p>Contient absolument tout ce dont vous avez besoin pour une v\u00e9ritable soir\u00e9e poker : 200 jetons design classique (50 blancs, 50 rouges, 50 bleus, 25 noirs, 25 verts), 3 boutons (Big Blind, Small Blind, Dealer), 2 jeux de cartes. Les r\u00e8gles du jeu dont d\u00e9crites de mani\u00e8re simple et facile \u00e0 suivre.<\/p>\n","protected":false},"featured_media":0,"template":"","meta":{"content-type":"","_monsterinsights_skip_tracking":false,"_monsterinsights_sitenote_active":false,"_monsterinsights_sitenote_note":"","_monsterinsights_sitenote_category":0},"product_brand":[],"product_cat":[1881],"product_tag":[373,1236,1246],"brand":[],"target-group":[],"discontinued":[],"class_list":{"0":"post-198855","1":"product","2":"type-product","3":"status-publish","5":"product_cat-poker-autres-jeux","6":"product_tag-calcul","7":"product_tag-combiner-fr","8":"product_tag-strategie-fr","10":"first","11":"instock","12":"taxable","13":"shipping-taxable","14":"product-type-simple"},"aioseo_notices":[],"_links":{"self":[{"href":"https:\/\/games.tactic.net\/fr\/wp-json\/wp\/v2\/product\/198855","targetHints":{"allow":["GET"]}}],"collection":[{"href":"https:\/\/games.tactic.net\/fr\/wp-json\/wp\/v2\/product"}],"about":[{"href":"https:\/\/games.tactic.net\/fr\/wp-json\/wp\/v2\/types\/product"}],"wp:attachment":[{"href":"https:\/\/games.tactic.net\/fr\/wp-json\/wp\/v2\/media?parent=198855"}],"wp:term":[{"taxonomy":"product_brand","embeddable":true,"href":"https:\/\/games.tactic.net\/fr\/wp-json\/wp\/v2\/product_brand?post=198855"},{"taxonomy":"product_cat","embeddable":true,"href":"https:\/\/games.tactic.net\/fr\/wp-json\/wp\/v2\/product_cat?post=198855"},{"taxonomy":"product_tag","embeddable":true,"href":"https:\/\/games.tactic.net\/fr\/wp-json\/wp\/v2\/product_tag?post=198855"},{"taxonomy":"brand","embeddable":true,"href":"https:\/\/games.tactic.net\/fr\/wp-json\/wp\/v2\/brand?post=198855"},{"taxonomy":"target-group","embeddable":true,"href":"https:\/\/games.tactic.net\/fr\/wp-json\/wp\/v2\/target-group?post=198855"},{"taxonomy":"discontinued","embeddable":true,"href":"https:\/\/games.tactic.net\/fr\/wp-json\/wp\/v2\/discontinued?post=198855"}],"curies":[{"name":"wp","href":"https:\/\/api.w.org\/{rel}","templated":true}]}}