{"id":198825,"date":"2021-10-04T08:54:30","date_gmt":"2021-10-04T05:54:30","guid":{"rendered":"http:\/\/dev.tactic.net\/tuote\/coffret-backgammon-en-bois\/"},"modified":"2023-10-25T15:52:19","modified_gmt":"2023-10-25T12:52:19","slug":"coffret-backgammon-en-bois","status":"publish","type":"product","link":"https:\/\/games.tactic.net\/fr\/tuote\/coffret-backgammon-en-bois\/","title":{"rendered":"Tactic Rustic Coffret Backgammon en bois"},"content":{"rendered":"<p>En fonction des r\u00e9sultats obtenus sur les d\u00e9s, avancez vos pions vers le camp adverse pour \u00eatre le premier \u00e0 tous les faire sortir. Mais attention ! Un pion isol\u00e9 est vuln\u00e9rable, et si votre adversaire le capture, il devra repartir du d\u00e9but !<\/p>\n","protected":false},"excerpt":{"rendered":"<p>En fonction des r\u00e9sultats obtenus sur les d\u00e9s, avancez vos pions vers le camp adverse pour \u00eatre le premier \u00e0 tous les faire sortir. Mais attention ! Un pion isol\u00e9 est vuln\u00e9rable, et si votre adversaire le capture, il devra repartir du d\u00e9but !<\/p>\n","protected":false},"featured_media":0,"template":"","meta":{"content-type":"","_monsterinsights_skip_tracking":false,"_monsterinsights_sitenote_active":false,"_monsterinsights_sitenote_note":"","_monsterinsights_sitenote_category":0},"product_brand":[],"product_cat":[1877,1878],"product_tag":[1031,1246,898],"brand":[],"target-group":[],"discontinued":[],"class_list":{"0":"post-198825","1":"product","2":"type-product","3":"status-publish","5":"product_cat-jeux-classiques-jeux-famille","6":"product_cat-jeux-classiques-jeux-adultes","7":"product_tag-chance","8":"product_tag-strategie-fr","9":"product_tag-tactique","11":"first","12":"instock","13":"taxable","14":"shipping-taxable","15":"product-type-simple"},"aioseo_notices":[],"_links":{"self":[{"href":"https:\/\/games.tactic.net\/fr\/wp-json\/wp\/v2\/product\/198825","targetHints":{"allow":["GET"]}}],"collection":[{"href":"https:\/\/games.tactic.net\/fr\/wp-json\/wp\/v2\/product"}],"about":[{"href":"https:\/\/games.tactic.net\/fr\/wp-json\/wp\/v2\/types\/product"}],"wp:attachment":[{"href":"https:\/\/games.tactic.net\/fr\/wp-json\/wp\/v2\/media?parent=198825"}],"wp:term":[{"taxonomy":"product_brand","embeddable":true,"href":"https:\/\/games.tactic.net\/fr\/wp-json\/wp\/v2\/product_brand?post=198825"},{"taxonomy":"product_cat","embeddable":true,"href":"https:\/\/games.tactic.net\/fr\/wp-json\/wp\/v2\/product_cat?post=198825"},{"taxonomy":"product_tag","embeddable":true,"href":"https:\/\/games.tactic.net\/fr\/wp-json\/wp\/v2\/product_tag?post=198825"},{"taxonomy":"brand","embeddable":true,"href":"https:\/\/games.tactic.net\/fr\/wp-json\/wp\/v2\/brand?post=198825"},{"taxonomy":"target-group","embeddable":true,"href":"https:\/\/games.tactic.net\/fr\/wp-json\/wp\/v2\/target-group?post=198825"},{"taxonomy":"discontinued","embeddable":true,"href":"https:\/\/games.tactic.net\/fr\/wp-json\/wp\/v2\/discontinued?post=198825"}],"curies":[{"name":"wp","href":"https:\/\/api.w.org\/{rel}","templated":true}]}}