{"id":198766,"date":"2021-10-04T08:51:58","date_gmt":"2021-10-04T05:51:58","guid":{"rendered":"http:\/\/dev.tactic.net\/tuote\/coffret-metal-5-jeux-en-1\/"},"modified":"2023-09-27T11:23:45","modified_gmt":"2023-09-27T08:23:45","slug":"coffret-metal-5-jeux-en-1","status":"publish","type":"product","link":"https:\/\/games.tactic.net\/fr\/tuote\/coffret-metal-5-jeux-en-1\/","title":{"rendered":"Tactic Deluxe Coffret m\u00e9tal 5 jeux en\u00a01"},"content":{"rendered":"<p>Regroupe 5 des jeux les plus populaires au monde ! (\u00e9checs, dames, backgammon, dominos et tic-tac-toe)<\/p>\n","protected":false},"excerpt":{"rendered":"<p>Regroupe 5 des jeux les plus populaires au monde ! (\u00e9checs, dames, backgammon, dominos et tic-tac-toe). Le coffret en m\u00e9tal est r\u00e9sistant et facile \u00e0 ranger.<\/p>\n","protected":false},"featured_media":0,"template":"","meta":{"content-type":"","_monsterinsights_skip_tracking":false,"_monsterinsights_sitenote_active":false,"_monsterinsights_sitenote_note":"","_monsterinsights_sitenote_category":0},"product_brand":[],"product_cat":[1877,1878],"product_tag":[1036,1246,898],"brand":[],"target-group":[],"discontinued":[],"class_list":{"0":"post-198766","1":"product","2":"type-product","3":"status-publish","5":"product_cat-jeux-classiques-jeux-famille","6":"product_cat-jeux-classiques-jeux-adultes","7":"product_tag-passe-temps","8":"product_tag-strategie-fr","9":"product_tag-tactique","11":"first","12":"instock","13":"taxable","14":"shipping-taxable","15":"product-type-simple"},"aioseo_notices":[],"_links":{"self":[{"href":"https:\/\/games.tactic.net\/fr\/wp-json\/wp\/v2\/product\/198766","targetHints":{"allow":["GET"]}}],"collection":[{"href":"https:\/\/games.tactic.net\/fr\/wp-json\/wp\/v2\/product"}],"about":[{"href":"https:\/\/games.tactic.net\/fr\/wp-json\/wp\/v2\/types\/product"}],"wp:attachment":[{"href":"https:\/\/games.tactic.net\/fr\/wp-json\/wp\/v2\/media?parent=198766"}],"wp:term":[{"taxonomy":"product_brand","embeddable":true,"href":"https:\/\/games.tactic.net\/fr\/wp-json\/wp\/v2\/product_brand?post=198766"},{"taxonomy":"product_cat","embeddable":true,"href":"https:\/\/games.tactic.net\/fr\/wp-json\/wp\/v2\/product_cat?post=198766"},{"taxonomy":"product_tag","embeddable":true,"href":"https:\/\/games.tactic.net\/fr\/wp-json\/wp\/v2\/product_tag?post=198766"},{"taxonomy":"brand","embeddable":true,"href":"https:\/\/games.tactic.net\/fr\/wp-json\/wp\/v2\/brand?post=198766"},{"taxonomy":"target-group","embeddable":true,"href":"https:\/\/games.tactic.net\/fr\/wp-json\/wp\/v2\/target-group?post=198766"},{"taxonomy":"discontinued","embeddable":true,"href":"https:\/\/games.tactic.net\/fr\/wp-json\/wp\/v2\/discontinued?post=198766"}],"curies":[{"name":"wp","href":"https:\/\/api.w.org\/{rel}","templated":true}]}}