{"id":198721,"date":"2021-10-04T08:47:57","date_gmt":"2021-10-04T05:47:57","guid":{"rendered":"http:\/\/dev.tactic.net\/tuote\/domino-double-9-boite-metal\/"},"modified":"2023-10-17T19:05:47","modified_gmt":"2023-10-17T16:05:47","slug":"domino-double-9-boite-metal","status":"publish","type":"product","link":"https:\/\/games.tactic.net\/fr\/tuote\/domino-double-9-boite-metal\/","title":{"rendered":"Tactic Domino double 9 bo\u00eete m\u00e9tal"},"content":{"rendered":"<p>Ajoutez des dominos \u00e0 la cha\u00eene en faisant co\u00efncider les nombres pr\u00e9sents sur les pi\u00e8ces. Le premier qui parvient \u00e0 poser tous ses dominos a gagn\u00e9.<\/p>\n","protected":false},"excerpt":{"rendered":"<p>Ajoutez des dominos \u00e0 la cha\u00eene en faisant co\u00efncider les nombres pr\u00e9sents sur les pi\u00e8ces. Le premier qui parvient \u00e0 poser tous ses dominos a gagn\u00e9.<\/p>\n","protected":false},"featured_media":0,"template":"","meta":{"content-type":"","_monsterinsights_skip_tracking":false,"_monsterinsights_sitenote_active":false,"_monsterinsights_sitenote_note":"","_monsterinsights_sitenote_category":0},"product_brand":[],"product_cat":[1878,1877],"product_tag":[1236,1246],"brand":[],"target-group":[],"discontinued":[],"class_list":{"0":"post-198721","1":"product","2":"type-product","3":"status-publish","5":"product_cat-jeux-classiques-jeux-adultes","6":"product_cat-jeux-classiques-jeux-famille","7":"product_tag-combiner-fr","8":"product_tag-strategie-fr","10":"first","11":"instock","12":"taxable","13":"shipping-taxable","14":"product-type-simple"},"aioseo_notices":[],"_links":{"self":[{"href":"https:\/\/games.tactic.net\/fr\/wp-json\/wp\/v2\/product\/198721","targetHints":{"allow":["GET"]}}],"collection":[{"href":"https:\/\/games.tactic.net\/fr\/wp-json\/wp\/v2\/product"}],"about":[{"href":"https:\/\/games.tactic.net\/fr\/wp-json\/wp\/v2\/types\/product"}],"wp:attachment":[{"href":"https:\/\/games.tactic.net\/fr\/wp-json\/wp\/v2\/media?parent=198721"}],"wp:term":[{"taxonomy":"product_brand","embeddable":true,"href":"https:\/\/games.tactic.net\/fr\/wp-json\/wp\/v2\/product_brand?post=198721"},{"taxonomy":"product_cat","embeddable":true,"href":"https:\/\/games.tactic.net\/fr\/wp-json\/wp\/v2\/product_cat?post=198721"},{"taxonomy":"product_tag","embeddable":true,"href":"https:\/\/games.tactic.net\/fr\/wp-json\/wp\/v2\/product_tag?post=198721"},{"taxonomy":"brand","embeddable":true,"href":"https:\/\/games.tactic.net\/fr\/wp-json\/wp\/v2\/brand?post=198721"},{"taxonomy":"target-group","embeddable":true,"href":"https:\/\/games.tactic.net\/fr\/wp-json\/wp\/v2\/target-group?post=198721"},{"taxonomy":"discontinued","embeddable":true,"href":"https:\/\/games.tactic.net\/fr\/wp-json\/wp\/v2\/discontinued?post=198721"}],"curies":[{"name":"wp","href":"https:\/\/api.w.org\/{rel}","templated":true}]}}