{"id":198691,"date":"2021-10-04T08:47:03","date_gmt":"2021-10-04T05:47:03","guid":{"rendered":"http:\/\/dev.tactic.net\/tuote\/mexican-train\/"},"modified":"2025-11-21T08:21:07","modified_gmt":"2025-11-21T06:21:07","slug":"mexican-train","status":"publish","type":"product","link":"https:\/\/games.tactic.net\/fr\/tuote\/mexican-train\/","title":{"rendered":"Tactic Mexican Train"},"content":{"rendered":"<p>Construisez votre propre train de dominos en ajoutant des dominos au Mexican Train. Le gagnant est le premier \u00e0 avoir pos\u00e9 tous ses dominos !<\/p>\n","protected":false},"excerpt":{"rendered":"<p>Construisez votre propre train de dominos en ajoutant des dominos au Mexican Train. Le gagnant est le premier \u00e0 avoir pos\u00e9 tous ses dominos ! Des dominos de grande qualit\u00e9 et des pions train amusants.<\/p>\n","protected":false},"featured_media":0,"template":"","meta":{"content-type":"","_monsterinsights_skip_tracking":false,"_monsterinsights_sitenote_active":false,"_monsterinsights_sitenote_note":"","_monsterinsights_sitenote_category":0},"product_brand":[],"product_cat":[1877,1878],"product_tag":[1236,1036,1246],"brand":[],"target-group":[],"discontinued":[],"class_list":{"0":"post-198691","1":"product","2":"type-product","3":"status-publish","5":"product_cat-jeux-classiques-jeux-famille","6":"product_cat-jeux-classiques-jeux-adultes","7":"product_tag-combiner-fr","8":"product_tag-passe-temps","9":"product_tag-strategie-fr","11":"first","12":"instock","13":"taxable","14":"shipping-taxable","15":"product-type-simple"},"aioseo_notices":[],"_links":{"self":[{"href":"https:\/\/games.tactic.net\/fr\/wp-json\/wp\/v2\/product\/198691","targetHints":{"allow":["GET"]}}],"collection":[{"href":"https:\/\/games.tactic.net\/fr\/wp-json\/wp\/v2\/product"}],"about":[{"href":"https:\/\/games.tactic.net\/fr\/wp-json\/wp\/v2\/types\/product"}],"wp:attachment":[{"href":"https:\/\/games.tactic.net\/fr\/wp-json\/wp\/v2\/media?parent=198691"}],"wp:term":[{"taxonomy":"product_brand","embeddable":true,"href":"https:\/\/games.tactic.net\/fr\/wp-json\/wp\/v2\/product_brand?post=198691"},{"taxonomy":"product_cat","embeddable":true,"href":"https:\/\/games.tactic.net\/fr\/wp-json\/wp\/v2\/product_cat?post=198691"},{"taxonomy":"product_tag","embeddable":true,"href":"https:\/\/games.tactic.net\/fr\/wp-json\/wp\/v2\/product_tag?post=198691"},{"taxonomy":"brand","embeddable":true,"href":"https:\/\/games.tactic.net\/fr\/wp-json\/wp\/v2\/brand?post=198691"},{"taxonomy":"target-group","embeddable":true,"href":"https:\/\/games.tactic.net\/fr\/wp-json\/wp\/v2\/target-group?post=198691"},{"taxonomy":"discontinued","embeddable":true,"href":"https:\/\/games.tactic.net\/fr\/wp-json\/wp\/v2\/discontinued?post=198691"}],"curies":[{"name":"wp","href":"https:\/\/api.w.org\/{rel}","templated":true}]}}