{"id":198676,"date":"2021-10-04T08:46:10","date_gmt":"2021-10-04T05:46:10","guid":{"rendered":"http:\/\/dev.tactic.net\/tuote\/boite-metal-mikado\/"},"modified":"2023-03-15T13:37:55","modified_gmt":"2023-03-15T11:37:55","slug":"boite-metal-mikado","status":"archive","type":"product","link":"https:\/\/games.tactic.net\/fr\/tuote\/boite-metal-mikado\/","title":{"rendered":"Bo\u00eete m\u00e9tal &#8211; Mikado"},"content":{"rendered":"\n<p>Retirez un b\u00e2tonnet de Mikado du tas, mais prenez garde \u00e0 ne pas faire bouger les autres. Le joueur qui poss\u00e8de le score le plus \u00e9lev\u00e9 quand tous les b\u00e2tonnets ont \u00e9t\u00e9 ramass\u00e9s gagne la partie. <br \/>\u2022 Pr\u00e9sent\u00e9 dans une bo\u00eete en m\u00e9tal r\u00e9sistante. <\/p>\n","protected":false},"excerpt":{"rendered":"\n<p>Retirez un b\u00e2tonnet de Mikado du tas, mais prenez garde \u00e0 ne pas faire bouger les autres. Le joueur qui poss\u00e8de le score le plus \u00e9lev\u00e9 quand tous les b\u00e2tonnets ont \u00e9t\u00e9 ramass\u00e9s gagne la partie. <\/p>\n","protected":false},"featured_media":0,"template":"","meta":{"content-type":"","_monsterinsights_skip_tracking":false,"_monsterinsights_sitenote_active":false,"_monsterinsights_sitenote_note":"","_monsterinsights_sitenote_category":0},"product_brand":[],"product_cat":[1878,1877],"product_tag":[578,1036],"brand":[],"target-group":[],"discontinued":[],"class_list":{"0":"post-198676","1":"product","2":"type-product","3":"status-archive","5":"product_cat-jeux-classiques-jeux-adultes","6":"product_cat-jeux-classiques-jeux-famille","7":"product_tag-habilete","8":"product_tag-passe-temps","10":"first","11":"outofstock","12":"taxable","13":"shipping-taxable","14":"product-type-simple"},"aioseo_notices":[],"_links":{"self":[{"href":"https:\/\/games.tactic.net\/fr\/wp-json\/wp\/v2\/product\/198676","targetHints":{"allow":["GET"]}}],"collection":[{"href":"https:\/\/games.tactic.net\/fr\/wp-json\/wp\/v2\/product"}],"about":[{"href":"https:\/\/games.tactic.net\/fr\/wp-json\/wp\/v2\/types\/product"}],"wp:attachment":[{"href":"https:\/\/games.tactic.net\/fr\/wp-json\/wp\/v2\/media?parent=198676"}],"wp:term":[{"taxonomy":"product_brand","embeddable":true,"href":"https:\/\/games.tactic.net\/fr\/wp-json\/wp\/v2\/product_brand?post=198676"},{"taxonomy":"product_cat","embeddable":true,"href":"https:\/\/games.tactic.net\/fr\/wp-json\/wp\/v2\/product_cat?post=198676"},{"taxonomy":"product_tag","embeddable":true,"href":"https:\/\/games.tactic.net\/fr\/wp-json\/wp\/v2\/product_tag?post=198676"},{"taxonomy":"brand","embeddable":true,"href":"https:\/\/games.tactic.net\/fr\/wp-json\/wp\/v2\/brand?post=198676"},{"taxonomy":"target-group","embeddable":true,"href":"https:\/\/games.tactic.net\/fr\/wp-json\/wp\/v2\/target-group?post=198676"},{"taxonomy":"discontinued","embeddable":true,"href":"https:\/\/games.tactic.net\/fr\/wp-json\/wp\/v2\/discontinued?post=198676"}],"curies":[{"name":"wp","href":"https:\/\/api.w.org\/{rel}","templated":true}]}}