{"id":198661,"date":"2021-10-04T08:45:36","date_gmt":"2021-10-04T05:45:36","guid":{"rendered":"http:\/\/dev.tactic.net\/tuote\/trendy-mikado\/"},"modified":"2025-11-19T14:59:29","modified_gmt":"2025-11-19T12:59:29","slug":"trendy-mikado","status":"archive","type":"product","link":"https:\/\/games.tactic.net\/fr\/tuote\/trendy-mikado\/","title":{"rendered":"Tactic Trendy Mikado board game"},"content":{"rendered":"<p>Retirez un b\u00e2tonnet de Mikado du tas, mais prenez garde \u00e0 ne pas faire bouger les autres. Le joueur qui poss\u00e8de le score le plus \u00e9lev\u00e9 quand tous les b\u00e2tonnets ont \u00e9t\u00e9 ramass\u00e9s gagne la partie.<\/p>\n","protected":false},"excerpt":{"rendered":"<p>Retirez un b\u00e2tonnet de Mikado du tas, mais prenez garde \u00e0 ne pas faire bouger les autres. Le joueur qui poss\u00e8de le score le plus \u00e9lev\u00e9 quand tous les b\u00e2tonnets ont \u00e9t\u00e9 ramass\u00e9s gagne la partie.<\/p>\n","protected":false},"featured_media":0,"template":"","meta":{"content-type":"","_monsterinsights_skip_tracking":false,"_monsterinsights_sitenote_active":false,"_monsterinsights_sitenote_note":"","_monsterinsights_sitenote_category":0},"product_brand":[],"product_cat":[1878,1877],"product_tag":[1036],"brand":[],"target-group":[],"discontinued":[],"class_list":{"0":"post-198661","1":"product","2":"type-product","3":"status-archive","5":"product_cat-jeux-classiques-jeux-adultes","6":"product_cat-jeux-classiques-jeux-famille","7":"product_tag-passe-temps","9":"first","10":"outofstock","11":"taxable","12":"shipping-taxable","13":"product-type-simple"},"aioseo_notices":[],"_links":{"self":[{"href":"https:\/\/games.tactic.net\/fr\/wp-json\/wp\/v2\/product\/198661","targetHints":{"allow":["GET"]}}],"collection":[{"href":"https:\/\/games.tactic.net\/fr\/wp-json\/wp\/v2\/product"}],"about":[{"href":"https:\/\/games.tactic.net\/fr\/wp-json\/wp\/v2\/types\/product"}],"wp:attachment":[{"href":"https:\/\/games.tactic.net\/fr\/wp-json\/wp\/v2\/media?parent=198661"}],"wp:term":[{"taxonomy":"product_brand","embeddable":true,"href":"https:\/\/games.tactic.net\/fr\/wp-json\/wp\/v2\/product_brand?post=198661"},{"taxonomy":"product_cat","embeddable":true,"href":"https:\/\/games.tactic.net\/fr\/wp-json\/wp\/v2\/product_cat?post=198661"},{"taxonomy":"product_tag","embeddable":true,"href":"https:\/\/games.tactic.net\/fr\/wp-json\/wp\/v2\/product_tag?post=198661"},{"taxonomy":"brand","embeddable":true,"href":"https:\/\/games.tactic.net\/fr\/wp-json\/wp\/v2\/brand?post=198661"},{"taxonomy":"target-group","embeddable":true,"href":"https:\/\/games.tactic.net\/fr\/wp-json\/wp\/v2\/target-group?post=198661"},{"taxonomy":"discontinued","embeddable":true,"href":"https:\/\/games.tactic.net\/fr\/wp-json\/wp\/v2\/discontinued?post=198661"}],"curies":[{"name":"wp","href":"https:\/\/api.w.org\/{rel}","templated":true}]}}