{"id":198646,"date":"2021-10-04T08:19:02","date_gmt":"2021-10-04T05:19:02","guid":{"rendered":"http:\/\/dev.tactic.net\/tuote\/trendy-yatzy\/"},"modified":"2023-10-25T16:32:18","modified_gmt":"2023-10-25T13:32:18","slug":"trendy-yatzy","status":"publish","type":"product","link":"https:\/\/games.tactic.net\/fr\/tuote\/trendy-yatzy\/","title":{"rendered":"Tactic Trendy Yatzy dice game"},"content":{"rendered":"<p>S\u2019il manque \u00e0 votre collection de jeu un classique intemporel et styl\u00e9 vers lequel vous retournerez toujours, c\u2019est qu\u2019il vous manque un Yatzy. \u00c0 chaque tour, les joueurs ont trois lancers pour obtenir la meilleure combinaison possible sur cinq d\u00e9s et cumuler des points. Pour remporter une partie de Yatzy, il vous faudra de la chance et une pointe de strat\u00e9gie, tandis qu\u2019une partie en appelle une autre, puis une autre&#8230;<\/p>\n","protected":false},"excerpt":{"rendered":"<p>S\u2019il manque \u00e0 votre collection de jeu un classique intemporel et styl\u00e9 vers lequel vous retournerez toujours, c\u2019est qu\u2019il vous manque un Yatzy. \u00c0 chaque tour, les joueurs ont trois lancers pour obtenir la meilleure combinaison possible sur cinq d\u00e9s et cumuler des points. Pour remporter une partie de Yatzy, il vous faudra de la [&hellip;]<\/p>\n","protected":false},"featured_media":0,"template":"","meta":{"content-type":"","_monsterinsights_skip_tracking":false,"_monsterinsights_sitenote_active":false,"_monsterinsights_sitenote_note":"","_monsterinsights_sitenote_category":0},"product_brand":[],"product_cat":[1888,1908],"product_tag":[373,1031],"brand":[],"target-group":[],"discontinued":[],"class_list":{"0":"post-198646","1":"product","2":"type-product","3":"status-publish","5":"product_cat-jeux-de-cartes-et-de-des-autres-jeux","6":"product_cat-jeux-de-cartes-et-de-des-jeux-famille","7":"product_tag-calcul","8":"product_tag-chance","10":"first","11":"outofstock","12":"taxable","13":"shipping-taxable","14":"product-type-simple"},"aioseo_notices":[],"_links":{"self":[{"href":"https:\/\/games.tactic.net\/fr\/wp-json\/wp\/v2\/product\/198646","targetHints":{"allow":["GET"]}}],"collection":[{"href":"https:\/\/games.tactic.net\/fr\/wp-json\/wp\/v2\/product"}],"about":[{"href":"https:\/\/games.tactic.net\/fr\/wp-json\/wp\/v2\/types\/product"}],"wp:attachment":[{"href":"https:\/\/games.tactic.net\/fr\/wp-json\/wp\/v2\/media?parent=198646"}],"wp:term":[{"taxonomy":"product_brand","embeddable":true,"href":"https:\/\/games.tactic.net\/fr\/wp-json\/wp\/v2\/product_brand?post=198646"},{"taxonomy":"product_cat","embeddable":true,"href":"https:\/\/games.tactic.net\/fr\/wp-json\/wp\/v2\/product_cat?post=198646"},{"taxonomy":"product_tag","embeddable":true,"href":"https:\/\/games.tactic.net\/fr\/wp-json\/wp\/v2\/product_tag?post=198646"},{"taxonomy":"brand","embeddable":true,"href":"https:\/\/games.tactic.net\/fr\/wp-json\/wp\/v2\/brand?post=198646"},{"taxonomy":"target-group","embeddable":true,"href":"https:\/\/games.tactic.net\/fr\/wp-json\/wp\/v2\/target-group?post=198646"},{"taxonomy":"discontinued","embeddable":true,"href":"https:\/\/games.tactic.net\/fr\/wp-json\/wp\/v2\/discontinued?post=198646"}],"curies":[{"name":"wp","href":"https:\/\/api.w.org\/{rel}","templated":true}]}}