{"id":198631,"date":"2021-10-04T08:15:45","date_gmt":"2021-10-04T05:15:45","guid":{"rendered":"http:\/\/dev.tactic.net\/tuote\/trendy-bingo\/"},"modified":"2023-10-25T16:06:36","modified_gmt":"2023-10-25T13:06:36","slug":"trendy-bingo","status":"publish","type":"product","link":"https:\/\/games.tactic.net\/fr\/tuote\/trendy-bingo\/","title":{"rendered":"Tactic Trendy Bingo"},"content":{"rendered":"<p>Retournez la cage Bingo, lisez \u00e0 haute voix le num\u00e9ro et soyez attentif si quelqu\u2019un dit \u2019\u2019Bingo !\u2019\u2019. Avec ses r\u00e8gles simples, ce jeu classique sera toujours passionnant et divertissant ! Avec ses pi\u00e8ces de qualit\u00e9 et une grande cage m\u00e9tallique, la Collection Classique Bingo est vraiment un jeu hors du commun !<\/p>\n","protected":false},"excerpt":{"rendered":"<p>Retournez la cage Bingo, lisez \u00e0 haute voix le num\u00e9ro et soyez attentif si quelqu\u2019un dit \u2019\u2019Bingo !\u2019\u2019. Avec ses r\u00e8gles simples, ce jeu classique sera toujours passionnant et divertissant ! Avec ses pi\u00e8ces de qualit\u00e9 et une grande cage m\u00e9tallique, la Collection Classique Bingo est vraiment un jeu hors du commun !<\/p>\n","protected":false},"featured_media":0,"template":"","meta":{"content-type":"","_monsterinsights_skip_tracking":false,"_monsterinsights_sitenote_active":false,"_monsterinsights_sitenote_note":"","_monsterinsights_sitenote_category":0},"product_brand":[],"product_cat":[1877],"product_tag":[1031],"brand":[],"target-group":[],"discontinued":[],"class_list":{"0":"post-198631","1":"product","2":"type-product","3":"status-publish","5":"product_cat-jeux-classiques-jeux-famille","6":"product_tag-chance","8":"first","9":"instock","10":"taxable","11":"shipping-taxable","12":"product-type-simple"},"aioseo_notices":[],"_links":{"self":[{"href":"https:\/\/games.tactic.net\/fr\/wp-json\/wp\/v2\/product\/198631","targetHints":{"allow":["GET"]}}],"collection":[{"href":"https:\/\/games.tactic.net\/fr\/wp-json\/wp\/v2\/product"}],"about":[{"href":"https:\/\/games.tactic.net\/fr\/wp-json\/wp\/v2\/types\/product"}],"wp:attachment":[{"href":"https:\/\/games.tactic.net\/fr\/wp-json\/wp\/v2\/media?parent=198631"}],"wp:term":[{"taxonomy":"product_brand","embeddable":true,"href":"https:\/\/games.tactic.net\/fr\/wp-json\/wp\/v2\/product_brand?post=198631"},{"taxonomy":"product_cat","embeddable":true,"href":"https:\/\/games.tactic.net\/fr\/wp-json\/wp\/v2\/product_cat?post=198631"},{"taxonomy":"product_tag","embeddable":true,"href":"https:\/\/games.tactic.net\/fr\/wp-json\/wp\/v2\/product_tag?post=198631"},{"taxonomy":"brand","embeddable":true,"href":"https:\/\/games.tactic.net\/fr\/wp-json\/wp\/v2\/brand?post=198631"},{"taxonomy":"target-group","embeddable":true,"href":"https:\/\/games.tactic.net\/fr\/wp-json\/wp\/v2\/target-group?post=198631"},{"taxonomy":"discontinued","embeddable":true,"href":"https:\/\/games.tactic.net\/fr\/wp-json\/wp\/v2\/discontinued?post=198631"}],"curies":[{"name":"wp","href":"https:\/\/api.w.org\/{rel}","templated":true}]}}