{"id":198616,"date":"2021-10-04T08:15:13","date_gmt":"2021-10-04T05:15:13","guid":{"rendered":"http:\/\/dev.tactic.net\/tuote\/solitaire-en-bois\/"},"modified":"2023-10-25T15:51:10","modified_gmt":"2023-10-25T12:51:10","slug":"solitaire-en-bois","status":"publish","type":"product","link":"https:\/\/games.tactic.net\/fr\/tuote\/solitaire-en-bois\/","title":{"rendered":"Tactic Trendy Solitaire en bois"},"content":{"rendered":"<p>\u00c9liminez les pi\u00e8ces du plateau de jeu jusqu\u2019\u00e0 n\u2019en garder qu\u2019une !<\/p>\n","protected":false},"excerpt":{"rendered":"<p>\u00c9liminez les pi\u00e8ces du plateau de jeu jusqu\u2019\u00e0 n\u2019en garder qu\u2019une ! Le jeu classique pour un seul joueur. Le plateau de jeu compact est \u00e9galement une bo\u00eete pratique o\u00f9 l\u2019on peut ranger les pi\u00e8ces.<\/p>\n","protected":false},"featured_media":0,"template":"","meta":{"content-type":"","_monsterinsights_skip_tracking":false,"_monsterinsights_sitenote_active":false,"_monsterinsights_sitenote_note":"","_monsterinsights_sitenote_category":0},"product_brand":[],"product_cat":[1877,1878],"product_tag":[1246],"brand":[],"target-group":[],"discontinued":[],"class_list":{"0":"post-198616","1":"product","2":"type-product","3":"status-publish","5":"product_cat-jeux-classiques-jeux-famille","6":"product_cat-jeux-classiques-jeux-adultes","7":"product_tag-strategie-fr","9":"first","10":"outofstock","11":"taxable","12":"shipping-taxable","13":"product-type-simple"},"aioseo_notices":[],"_links":{"self":[{"href":"https:\/\/games.tactic.net\/fr\/wp-json\/wp\/v2\/product\/198616","targetHints":{"allow":["GET"]}}],"collection":[{"href":"https:\/\/games.tactic.net\/fr\/wp-json\/wp\/v2\/product"}],"about":[{"href":"https:\/\/games.tactic.net\/fr\/wp-json\/wp\/v2\/types\/product"}],"wp:attachment":[{"href":"https:\/\/games.tactic.net\/fr\/wp-json\/wp\/v2\/media?parent=198616"}],"wp:term":[{"taxonomy":"product_brand","embeddable":true,"href":"https:\/\/games.tactic.net\/fr\/wp-json\/wp\/v2\/product_brand?post=198616"},{"taxonomy":"product_cat","embeddable":true,"href":"https:\/\/games.tactic.net\/fr\/wp-json\/wp\/v2\/product_cat?post=198616"},{"taxonomy":"product_tag","embeddable":true,"href":"https:\/\/games.tactic.net\/fr\/wp-json\/wp\/v2\/product_tag?post=198616"},{"taxonomy":"brand","embeddable":true,"href":"https:\/\/games.tactic.net\/fr\/wp-json\/wp\/v2\/brand?post=198616"},{"taxonomy":"target-group","embeddable":true,"href":"https:\/\/games.tactic.net\/fr\/wp-json\/wp\/v2\/target-group?post=198616"},{"taxonomy":"discontinued","embeddable":true,"href":"https:\/\/games.tactic.net\/fr\/wp-json\/wp\/v2\/discontinued?post=198616"}],"curies":[{"name":"wp","href":"https:\/\/api.w.org\/{rel}","templated":true}]}}