{"id":198601,"date":"2021-10-04T08:14:49","date_gmt":"2021-10-04T05:14:49","guid":{"rendered":"http:\/\/dev.tactic.net\/tuote\/dames-chinoises-en-bois\/"},"modified":"2023-10-25T15:49:43","modified_gmt":"2023-10-25T12:49:43","slug":"dames-chinoises-en-bois","status":"publish","type":"product","link":"https:\/\/games.tactic.net\/fr\/tuote\/dames-chinoises-en-bois\/","title":{"rendered":"Tactic Trendy Dames Chinoises en bois"},"content":{"rendered":"<p>D\u00e9placez vos pions sur le plateau de jeu en sautant pardessus vos pions ou ceux de vos adversaires pour \u00eatre le premier \u00e0 atteindre la pointe oppos\u00e9e du plateau.<\/p>\n","protected":false},"excerpt":{"rendered":"<p>D\u00e9placez vos pions sur le plateau de jeu en sautant pardessus vos pions ou ceux de vos adversaires pour \u00eatre le premier \u00e0 atteindre la pointe oppos\u00e9e du plateau. Un excellent jeu m\u00eame pour les jeunes joueurs. Diff\u00e9rentes fa\u00e7ons de jouer selon les joueurs.<\/p>\n","protected":false},"featured_media":0,"template":"","meta":{"content-type":"","_monsterinsights_skip_tracking":false,"_monsterinsights_sitenote_active":false,"_monsterinsights_sitenote_note":"","_monsterinsights_sitenote_category":0},"product_brand":[],"product_cat":[1878,1877],"product_tag":[1246],"brand":[],"target-group":[],"discontinued":[],"class_list":{"0":"post-198601","1":"product","2":"type-product","3":"status-publish","5":"product_cat-jeux-classiques-jeux-adultes","6":"product_cat-jeux-classiques-jeux-famille","7":"product_tag-strategie-fr","9":"first","10":"instock","11":"taxable","12":"shipping-taxable","13":"product-type-simple"},"aioseo_notices":[],"_links":{"self":[{"href":"https:\/\/games.tactic.net\/fr\/wp-json\/wp\/v2\/product\/198601","targetHints":{"allow":["GET"]}}],"collection":[{"href":"https:\/\/games.tactic.net\/fr\/wp-json\/wp\/v2\/product"}],"about":[{"href":"https:\/\/games.tactic.net\/fr\/wp-json\/wp\/v2\/types\/product"}],"wp:attachment":[{"href":"https:\/\/games.tactic.net\/fr\/wp-json\/wp\/v2\/media?parent=198601"}],"wp:term":[{"taxonomy":"product_brand","embeddable":true,"href":"https:\/\/games.tactic.net\/fr\/wp-json\/wp\/v2\/product_brand?post=198601"},{"taxonomy":"product_cat","embeddable":true,"href":"https:\/\/games.tactic.net\/fr\/wp-json\/wp\/v2\/product_cat?post=198601"},{"taxonomy":"product_tag","embeddable":true,"href":"https:\/\/games.tactic.net\/fr\/wp-json\/wp\/v2\/product_tag?post=198601"},{"taxonomy":"brand","embeddable":true,"href":"https:\/\/games.tactic.net\/fr\/wp-json\/wp\/v2\/brand?post=198601"},{"taxonomy":"target-group","embeddable":true,"href":"https:\/\/games.tactic.net\/fr\/wp-json\/wp\/v2\/target-group?post=198601"},{"taxonomy":"discontinued","embeddable":true,"href":"https:\/\/games.tactic.net\/fr\/wp-json\/wp\/v2\/discontinued?post=198601"}],"curies":[{"name":"wp","href":"https:\/\/api.w.org\/{rel}","templated":true}]}}