{"id":198586,"date":"2021-10-04T08:14:17","date_gmt":"2021-10-04T05:14:17","guid":{"rendered":"http:\/\/dev.tactic.net\/tuote\/backgammon-en-bois\/"},"modified":"2023-10-25T15:46:37","modified_gmt":"2023-10-25T12:46:37","slug":"backgammon-en-bois","status":"publish","type":"product","link":"https:\/\/games.tactic.net\/fr\/tuote\/backgammon-en-bois\/","title":{"rendered":"Tactic Trendy Backgammon en bois"},"content":{"rendered":"<p>En fonction des r\u00e9sultats obtenus sur les d\u00e9s, avancez vos pions vers le camp adverse pour \u00eatre le premier \u00e0 tous les faire sortir.<\/p>\n","protected":false},"excerpt":{"rendered":"<p>En fonction des r\u00e9sultats obtenus sur les d\u00e9s, avancez vos pions vers le camp adverse pour \u00eatre le premier \u00e0 tous les faire sortir. Le plateau de jeu compact est \u00e9galement une bo\u00eete pratique o\u00f9 l\u2019on peut ranger les pi\u00e8ces.<\/p>\n","protected":false},"featured_media":0,"template":"","meta":{"content-type":"","_monsterinsights_skip_tracking":false,"_monsterinsights_sitenote_active":false,"_monsterinsights_sitenote_note":"","_monsterinsights_sitenote_category":0},"product_brand":[],"product_cat":[1878,1877],"product_tag":[1246],"brand":[],"target-group":[],"discontinued":[],"class_list":{"0":"post-198586","1":"product","2":"type-product","3":"status-publish","5":"product_cat-jeux-classiques-jeux-adultes","6":"product_cat-jeux-classiques-jeux-famille","7":"product_tag-strategie-fr","9":"first","10":"instock","11":"taxable","12":"shipping-taxable","13":"product-type-simple"},"aioseo_notices":[],"_links":{"self":[{"href":"https:\/\/games.tactic.net\/fr\/wp-json\/wp\/v2\/product\/198586","targetHints":{"allow":["GET"]}}],"collection":[{"href":"https:\/\/games.tactic.net\/fr\/wp-json\/wp\/v2\/product"}],"about":[{"href":"https:\/\/games.tactic.net\/fr\/wp-json\/wp\/v2\/types\/product"}],"wp:attachment":[{"href":"https:\/\/games.tactic.net\/fr\/wp-json\/wp\/v2\/media?parent=198586"}],"wp:term":[{"taxonomy":"product_brand","embeddable":true,"href":"https:\/\/games.tactic.net\/fr\/wp-json\/wp\/v2\/product_brand?post=198586"},{"taxonomy":"product_cat","embeddable":true,"href":"https:\/\/games.tactic.net\/fr\/wp-json\/wp\/v2\/product_cat?post=198586"},{"taxonomy":"product_tag","embeddable":true,"href":"https:\/\/games.tactic.net\/fr\/wp-json\/wp\/v2\/product_tag?post=198586"},{"taxonomy":"brand","embeddable":true,"href":"https:\/\/games.tactic.net\/fr\/wp-json\/wp\/v2\/brand?post=198586"},{"taxonomy":"target-group","embeddable":true,"href":"https:\/\/games.tactic.net\/fr\/wp-json\/wp\/v2\/target-group?post=198586"},{"taxonomy":"discontinued","embeddable":true,"href":"https:\/\/games.tactic.net\/fr\/wp-json\/wp\/v2\/discontinued?post=198586"}],"curies":[{"name":"wp","href":"https:\/\/api.w.org\/{rel}","templated":true}]}}