{"id":198527,"date":"2021-10-01T13:59:48","date_gmt":"2021-10-01T10:59:48","guid":{"rendered":"http:\/\/dev.tactic.net\/tuote\/wanna-bet-challenge\/"},"modified":"2023-07-17T15:02:04","modified_gmt":"2023-07-17T12:02:04","slug":"wanna-bet-challenge","status":"publish","type":"product","link":"https:\/\/games.tactic.net\/fr\/tuote\/wanna-bet-challenge\/","title":{"rendered":"Tactic Wanna Bet Challenge"},"content":{"rendered":"<p>Le membre le plus r\u00e9cent de la gamme des jeux Wanna Bet lancera votre soir\u00e9e jeu avec succ\u00e8s ! Wanna Bet Challenge offre aux joueurs une opportunit\u00e9 en or de montrer ce qu\u2019ils savent faire, tandis qu\u2019ils s\u2019affrontent en duel dans une s\u00e9rie de d\u00e9fis hilarants. Aux autres joueurs de d\u00e9cider lequel des deux s\u2019en sort le mieux ! Ce jeu familial divertissant est rempli de d\u00e9fis de toute sorte qui vous feront bouger !<\/p>\n","protected":false},"excerpt":{"rendered":"<p>Le membre le plus r\u00e9cent de la gamme des jeux Wanna Bet lancera votre soir\u00e9e jeu avec succ\u00e8s ! Wanna Bet Challenge offre aux joueurs une opportunit\u00e9 en or de montrer ce qu\u2019ils savent faire, tandis qu\u2019ils s\u2019affrontent en duel dans une s\u00e9rie de d\u00e9fis hilarants. Aux autres joueurs de d\u00e9cider lequel des deux s\u2019en [&hellip;]<\/p>\n","protected":false},"featured_media":0,"template":"","meta":{"content-type":"","_monsterinsights_skip_tracking":false,"_monsterinsights_sitenote_active":false,"_monsterinsights_sitenote_note":"","_monsterinsights_sitenote_category":0},"product_brand":[],"product_cat":[1886,1879],"product_tag":[302,1326,578],"brand":[],"target-group":[],"discontinued":[],"class_list":{"0":"post-198527","1":"product","2":"type-product","3":"status-publish","5":"product_cat-jeux-dambiance","6":"product_cat-party-games","7":"product_tag-action","8":"product_tag-ensemble","9":"product_tag-habilete","11":"first","12":"instock","13":"taxable","14":"shipping-taxable","15":"product-type-simple"},"aioseo_notices":[],"_links":{"self":[{"href":"https:\/\/games.tactic.net\/fr\/wp-json\/wp\/v2\/product\/198527","targetHints":{"allow":["GET"]}}],"collection":[{"href":"https:\/\/games.tactic.net\/fr\/wp-json\/wp\/v2\/product"}],"about":[{"href":"https:\/\/games.tactic.net\/fr\/wp-json\/wp\/v2\/types\/product"}],"wp:attachment":[{"href":"https:\/\/games.tactic.net\/fr\/wp-json\/wp\/v2\/media?parent=198527"}],"wp:term":[{"taxonomy":"product_brand","embeddable":true,"href":"https:\/\/games.tactic.net\/fr\/wp-json\/wp\/v2\/product_brand?post=198527"},{"taxonomy":"product_cat","embeddable":true,"href":"https:\/\/games.tactic.net\/fr\/wp-json\/wp\/v2\/product_cat?post=198527"},{"taxonomy":"product_tag","embeddable":true,"href":"https:\/\/games.tactic.net\/fr\/wp-json\/wp\/v2\/product_tag?post=198527"},{"taxonomy":"brand","embeddable":true,"href":"https:\/\/games.tactic.net\/fr\/wp-json\/wp\/v2\/brand?post=198527"},{"taxonomy":"target-group","embeddable":true,"href":"https:\/\/games.tactic.net\/fr\/wp-json\/wp\/v2\/target-group?post=198527"},{"taxonomy":"discontinued","embeddable":true,"href":"https:\/\/games.tactic.net\/fr\/wp-json\/wp\/v2\/discontinued?post=198527"}],"curies":[{"name":"wp","href":"https:\/\/api.w.org\/{rel}","templated":true}]}}