{"id":198525,"date":"2021-10-01T13:53:45","date_gmt":"2021-10-01T10:53:45","guid":{"rendered":"http:\/\/dev.tactic.net\/tuote\/scene-decrime-moscou\/"},"modified":"2025-10-22T11:24:07","modified_gmt":"2025-10-22T08:24:07","slug":"scene-decrime-moscou","status":"archive","type":"product","link":"https:\/\/games.tactic.net\/fr\/tuote\/scene-decrime-moscou\/","title":{"rendered":"Gamestorm Crime Scene Moscou 1989"},"content":{"rendered":"<p>Un crime a \u00e9t\u00e9 commis, et c\u2019est \u00e0 vous de d\u00e9m\u00ealer le myst\u00e8re. Sc\u00e8ne de Crime emm\u00e8ne les joueurs sur les lieux d\u2019un crime abominable. Ils suivent l\u2019histoire, et en tant que d\u00e9tectives, collectent les indices, font le lien entre les choses et d\u00e9terminent qui est derri\u00e8re tout cela. Il n\u2019y a aucune limite de temps : les joueurs peuvent donc se lancer \u00e0 corps perdu dans une enqu\u00eate qui les m\u00e8ne dans les quartiers malfam\u00e9s de Moscou.<\/p>\n","protected":false},"excerpt":{"rendered":"<p>Un crime a \u00e9t\u00e9 commis, et c\u2019est \u00e0 vous de d\u00e9m\u00ealer le myst\u00e8re. Sc\u00e8ne de Crime emm\u00e8ne les joueurs sur les lieux d\u2019un crime abominable. Ils suivent l\u2019histoire, et en tant que d\u00e9tectives, collectent les indices, font le lien entre les choses et d\u00e9terminent qui est derri\u00e8re tout cela. Il n\u2019y a aucune limite de [&hellip;]<\/p>\n","protected":false},"featured_media":0,"template":"","meta":{"content-type":"","_monsterinsights_skip_tracking":false,"_monsterinsights_sitenote_active":false,"_monsterinsights_sitenote_note":"","_monsterinsights_sitenote_category":0},"product_brand":[],"product_cat":[1876],"product_tag":[1332,1326,1246],"brand":[{"id":887,"name":"Gamestorm Studio","slug":"gamestormstudio-fr"}],"target-group":[],"discontinued":[],"class_list":{"0":"post-198525","1":"product","2":"type-product","3":"status-archive","5":"product_cat-18-ans","6":"product_tag-enigmes","7":"product_tag-ensemble","8":"product_tag-strategie-fr","9":"brand-gamestormstudio-fr","11":"first","12":"outofstock","13":"taxable","14":"shipping-taxable","15":"product-type-simple"},"aioseo_notices":[],"_links":{"self":[{"href":"https:\/\/games.tactic.net\/fr\/wp-json\/wp\/v2\/product\/198525","targetHints":{"allow":["GET"]}}],"collection":[{"href":"https:\/\/games.tactic.net\/fr\/wp-json\/wp\/v2\/product"}],"about":[{"href":"https:\/\/games.tactic.net\/fr\/wp-json\/wp\/v2\/types\/product"}],"wp:attachment":[{"href":"https:\/\/games.tactic.net\/fr\/wp-json\/wp\/v2\/media?parent=198525"}],"wp:term":[{"taxonomy":"product_brand","embeddable":true,"href":"https:\/\/games.tactic.net\/fr\/wp-json\/wp\/v2\/product_brand?post=198525"},{"taxonomy":"product_cat","embeddable":true,"href":"https:\/\/games.tactic.net\/fr\/wp-json\/wp\/v2\/product_cat?post=198525"},{"taxonomy":"product_tag","embeddable":true,"href":"https:\/\/games.tactic.net\/fr\/wp-json\/wp\/v2\/product_tag?post=198525"},{"taxonomy":"brand","embeddable":true,"href":"https:\/\/games.tactic.net\/fr\/wp-json\/wp\/v2\/brand?post=198525"},{"taxonomy":"target-group","embeddable":true,"href":"https:\/\/games.tactic.net\/fr\/wp-json\/wp\/v2\/target-group?post=198525"},{"taxonomy":"discontinued","embeddable":true,"href":"https:\/\/games.tactic.net\/fr\/wp-json\/wp\/v2\/discontinued?post=198525"}],"curies":[{"name":"wp","href":"https:\/\/api.w.org\/{rel}","templated":true}]}}