{"id":198237,"date":"2021-10-01T13:31:55","date_gmt":"2021-10-01T10:31:55","guid":{"rendered":"http:\/\/dev.tactic.net\/tuote\/iknow-junior\/"},"modified":"2023-09-21T12:36:58","modified_gmt":"2023-09-21T09:36:58","slug":"iknow-junior","status":"archive","type":"product","link":"https:\/\/games.tactic.net\/fr\/tuote\/iknow-junior\/","title":{"rendered":"iKNOW Junior"},"content":{"rendered":"<p>R\u00e9ponds aux questions et accomplis les diff\u00e9rentes<br \/>t\u00e2ches : dessiner, lire, et bien d\u2019autres choses. Dans ce<br \/>jeu unique et d\u2019une grande vari\u00e9t\u00e9 con\u00e7u pour les 5<br \/>\u00e0 9 ans, les joueurs peuvent demander des indices et<br \/>coop\u00e9rer !<br \/>\u2022 De nombreuses t\u00e2ches diff\u00e9rentes<br \/>pour apprendre en s\u2019amusant !<br \/>\u2022 Comprend 300 t\u00e2ches et 100 questions<br \/>illustr\u00e9es, avec des indices.<br \/>\u2022 De grandes et belles pi\u00e8ces de jeu !<\/p>\n","protected":false},"excerpt":{"rendered":"<p>R\u00e9ponds aux questions et accomplis les diff\u00e9rentes<br \/>\nt\u00e2ches : dessiner, lire, et bien d\u2019autres choses. Dans ce<br \/>\njeu unique et d\u2019une grande vari\u00e9t\u00e9 con\u00e7u pour les 5<br \/>\n\u00e0 9 ans, les joueurs peuvent demander des indices et<br \/>\ncoop\u00e9rer !<\/p>\n","protected":false},"featured_media":0,"template":"","meta":{"content-type":"","_monsterinsights_skip_tracking":false,"_monsterinsights_sitenote_active":false,"_monsterinsights_sitenote_note":"","_monsterinsights_sitenote_category":0},"product_brand":[],"product_cat":[1906,1858],"product_tag":[1327,410,1326],"brand":[{"id":2108,"name":"iKNOW","slug":"iknow_fr"}],"target-group":[],"discontinued":[],"class_list":{"0":"post-198237","1":"product","2":"type-product","3":"status-archive","5":"product_cat-jeux-de-quiz-jeux-famille-2","6":"product_cat-jeux-de-societe-enfants","7":"product_tag-connaissance","8":"product_tag-educatif","9":"product_tag-ensemble","10":"brand-iknow_fr","12":"first","13":"outofstock","14":"taxable","15":"shipping-taxable","16":"product-type-simple"},"aioseo_notices":[],"_links":{"self":[{"href":"https:\/\/games.tactic.net\/fr\/wp-json\/wp\/v2\/product\/198237","targetHints":{"allow":["GET"]}}],"collection":[{"href":"https:\/\/games.tactic.net\/fr\/wp-json\/wp\/v2\/product"}],"about":[{"href":"https:\/\/games.tactic.net\/fr\/wp-json\/wp\/v2\/types\/product"}],"wp:attachment":[{"href":"https:\/\/games.tactic.net\/fr\/wp-json\/wp\/v2\/media?parent=198237"}],"wp:term":[{"taxonomy":"product_brand","embeddable":true,"href":"https:\/\/games.tactic.net\/fr\/wp-json\/wp\/v2\/product_brand?post=198237"},{"taxonomy":"product_cat","embeddable":true,"href":"https:\/\/games.tactic.net\/fr\/wp-json\/wp\/v2\/product_cat?post=198237"},{"taxonomy":"product_tag","embeddable":true,"href":"https:\/\/games.tactic.net\/fr\/wp-json\/wp\/v2\/product_tag?post=198237"},{"taxonomy":"brand","embeddable":true,"href":"https:\/\/games.tactic.net\/fr\/wp-json\/wp\/v2\/brand?post=198237"},{"taxonomy":"target-group","embeddable":true,"href":"https:\/\/games.tactic.net\/fr\/wp-json\/wp\/v2\/target-group?post=198237"},{"taxonomy":"discontinued","embeddable":true,"href":"https:\/\/games.tactic.net\/fr\/wp-json\/wp\/v2\/discontinued?post=198237"}],"curies":[{"name":"wp","href":"https:\/\/api.w.org\/{rel}","templated":true}]}}