{"id":198180,"date":"2021-10-01T13:30:37","date_gmt":"2021-10-01T10:30:37","guid":{"rendered":"http:\/\/dev.tactic.net\/tuote\/iknow-nouvelle-edition\/"},"modified":"2023-10-25T15:58:38","modified_gmt":"2023-10-25T12:58:38","slug":"iknow-nouvelle-edition","status":"publish","type":"product","link":"https:\/\/games.tactic.net\/fr\/tuote\/iknow-nouvelle-edition\/","title":{"rendered":"Tactic iKNOW renewed board game"},"content":{"rendered":"<p>Apr\u00e8s avoir entendu la question, vous choisissez combien d\u2019indices vous souhaitez conna\u00eetre avant de donner votre r\u00e9ponse, puis pariez sur les r\u00e9ponses des autres joueurs. Vous pouvez donc gagner des points en r\u00e9pondant correctement \u00e0 la question mais aussi gagner des points suppl\u00e9mentaires en devinant si les autres joueurs ont r\u00e9pondu correctement \u00e0 cette m\u00eame question ou non.<\/p>\n","protected":false},"excerpt":{"rendered":"<p>Apr\u00e8s avoir entendu la question, vous choisissez combien d\u2019indices vous souhaitez conna\u00eetre avant de donner votre r\u00e9ponse, puis pariez sur les r\u00e9ponses des autres joueurs. Vous pouvez donc gagner des points en r\u00e9pondant correctement \u00e0 la question mais aussi gagner des points suppl\u00e9mentaires en devinant si les autres joueurs ont r\u00e9pondu correctement \u00e0 cette m\u00eame [&hellip;]<\/p>\n","protected":false},"featured_media":0,"template":"","meta":{"content-type":"","_monsterinsights_skip_tracking":false,"_monsterinsights_sitenote_active":false,"_monsterinsights_sitenote_note":"","_monsterinsights_sitenote_category":0},"product_brand":[],"product_cat":[1862,1906],"product_tag":[1327,410,1326],"brand":[{"id":2108,"name":"iKNOW","slug":"iknow_fr"}],"target-group":[],"discontinued":[],"class_list":{"0":"post-198180","1":"product","2":"type-product","3":"status-publish","5":"product_cat-jeux-de-quiz-jeux-adultes","6":"product_cat-jeux-de-quiz-jeux-famille-2","7":"product_tag-connaissance","8":"product_tag-educatif","9":"product_tag-ensemble","10":"brand-iknow_fr","12":"first","13":"instock","14":"taxable","15":"shipping-taxable","16":"product-type-simple"},"aioseo_notices":[],"_links":{"self":[{"href":"https:\/\/games.tactic.net\/fr\/wp-json\/wp\/v2\/product\/198180","targetHints":{"allow":["GET"]}}],"collection":[{"href":"https:\/\/games.tactic.net\/fr\/wp-json\/wp\/v2\/product"}],"about":[{"href":"https:\/\/games.tactic.net\/fr\/wp-json\/wp\/v2\/types\/product"}],"wp:attachment":[{"href":"https:\/\/games.tactic.net\/fr\/wp-json\/wp\/v2\/media?parent=198180"}],"wp:term":[{"taxonomy":"product_brand","embeddable":true,"href":"https:\/\/games.tactic.net\/fr\/wp-json\/wp\/v2\/product_brand?post=198180"},{"taxonomy":"product_cat","embeddable":true,"href":"https:\/\/games.tactic.net\/fr\/wp-json\/wp\/v2\/product_cat?post=198180"},{"taxonomy":"product_tag","embeddable":true,"href":"https:\/\/games.tactic.net\/fr\/wp-json\/wp\/v2\/product_tag?post=198180"},{"taxonomy":"brand","embeddable":true,"href":"https:\/\/games.tactic.net\/fr\/wp-json\/wp\/v2\/brand?post=198180"},{"taxonomy":"target-group","embeddable":true,"href":"https:\/\/games.tactic.net\/fr\/wp-json\/wp\/v2\/target-group?post=198180"},{"taxonomy":"discontinued","embeddable":true,"href":"https:\/\/games.tactic.net\/fr\/wp-json\/wp\/v2\/discontinued?post=198180"}],"curies":[{"name":"wp","href":"https:\/\/api.w.org\/{rel}","templated":true}]}}