{"id":198165,"date":"2021-10-01T13:28:17","date_gmt":"2021-10-01T10:28:17","guid":{"rendered":"http:\/\/dev.tactic.net\/tuote\/i-love-france\/"},"modified":"2025-10-22T11:23:09","modified_gmt":"2025-10-22T08:23:09","slug":"i-love-france","status":"archive","type":"product","link":"https:\/\/games.tactic.net\/fr\/tuote\/i-love-france\/","title":{"rendered":"Tactic I Love France"},"content":{"rendered":"<p>Traversez le France, visitez ses diff\u00e9rentes r\u00e9gions et r\u00e9pondez \u00e0 des questions portant sur la culture, les traditions et la nature fran\u00e7aise ! Lancez le d\u00e9 pour d\u00e9couvrir si vous vous d\u00e9placez \u00e0 v\u00e9lo, en voiture, ou si vous volerez dans les cieux \u00e0 bord d\u2019un avion. Chaque r\u00e9ponse correcte vous permet de remporter une carte, et le premier joueur \u00e0 collecter un symbole de chaque cat\u00e9gorie remporte la partie !<\/p>\n","protected":false},"excerpt":{"rendered":"<p>Traversez le France, visitez ses diff\u00e9rentes r\u00e9gions et r\u00e9pondez \u00e0 des questions portant sur la culture, les traditions et la nature fran\u00e7aise ! Lancez le d\u00e9 pour d\u00e9couvrir si vous vous d\u00e9placez \u00e0 v\u00e9lo, en voiture, ou si vous volerez dans les cieux \u00e0 bord d\u2019un avion. Chaque r\u00e9ponse correcte vous permet de remporter une carte, et le premier joueur \u00e0 collecter un symbole de chaque cat\u00e9gorie remporte la partie !<\/p>\n","protected":false},"featured_media":0,"template":"","meta":{"content-type":"","_monsterinsights_skip_tracking":false,"_monsterinsights_sitenote_active":false,"_monsterinsights_sitenote_note":"","_monsterinsights_sitenote_category":0},"product_brand":[],"product_cat":[1860],"product_tag":[1327,410,1326],"brand":[],"target-group":[],"discontinued":[],"class_list":{"0":"post-198165","1":"product","2":"type-product","3":"status-archive","5":"product_cat-jeux-de-societe","6":"product_tag-connaissance","7":"product_tag-educatif","8":"product_tag-ensemble","10":"first","11":"outofstock","12":"taxable","13":"shipping-taxable","14":"product-type-simple"},"aioseo_notices":[],"_links":{"self":[{"href":"https:\/\/games.tactic.net\/fr\/wp-json\/wp\/v2\/product\/198165","targetHints":{"allow":["GET"]}}],"collection":[{"href":"https:\/\/games.tactic.net\/fr\/wp-json\/wp\/v2\/product"}],"about":[{"href":"https:\/\/games.tactic.net\/fr\/wp-json\/wp\/v2\/types\/product"}],"wp:attachment":[{"href":"https:\/\/games.tactic.net\/fr\/wp-json\/wp\/v2\/media?parent=198165"}],"wp:term":[{"taxonomy":"product_brand","embeddable":true,"href":"https:\/\/games.tactic.net\/fr\/wp-json\/wp\/v2\/product_brand?post=198165"},{"taxonomy":"product_cat","embeddable":true,"href":"https:\/\/games.tactic.net\/fr\/wp-json\/wp\/v2\/product_cat?post=198165"},{"taxonomy":"product_tag","embeddable":true,"href":"https:\/\/games.tactic.net\/fr\/wp-json\/wp\/v2\/product_tag?post=198165"},{"taxonomy":"brand","embeddable":true,"href":"https:\/\/games.tactic.net\/fr\/wp-json\/wp\/v2\/brand?post=198165"},{"taxonomy":"target-group","embeddable":true,"href":"https:\/\/games.tactic.net\/fr\/wp-json\/wp\/v2\/target-group?post=198165"},{"taxonomy":"discontinued","embeddable":true,"href":"https:\/\/games.tactic.net\/fr\/wp-json\/wp\/v2\/discontinued?post=198165"}],"curies":[{"name":"wp","href":"https:\/\/api.w.org\/{rel}","templated":true}]}}