{"id":198150,"date":"2021-10-01T13:27:14","date_gmt":"2021-10-01T10:27:14","guid":{"rendered":"http:\/\/dev.tactic.net\/tuote\/drapeaux-du-monde\/"},"modified":"2023-10-25T14:35:48","modified_gmt":"2023-10-25T11:35:48","slug":"drapeaux-du-monde","status":"publish","type":"product","link":"https:\/\/games.tactic.net\/fr\/tuote\/drapeaux-du-monde\/","title":{"rendered":"Tactic Drapeaux de Monde"},"content":{"rendered":"<p>Jouez seul ou en \u00e9quipe : connaissez-vous bien les drapeaux des diff\u00e9rents pays ? Le plus dou\u00e9 en g\u00e9ographie l\u2019emportera.<\/p>\n","protected":false},"excerpt":{"rendered":"<p>Jouez seul ou en \u00e9quipe : connaissez-vous bien les drapeaux des diff\u00e9rents pays ? Le plus dou\u00e9 en g\u00e9ographie l\u2019emportera. Quatre variantes pour diversifier votre plaisir de jouer. Un format pratique, facile \u00e0 transporter.<\/p>\n","protected":false},"featured_media":0,"template":"","meta":{"content-type":"","_monsterinsights_skip_tracking":false,"_monsterinsights_sitenote_active":false,"_monsterinsights_sitenote_note":"","_monsterinsights_sitenote_category":0},"product_brand":[],"product_cat":[1862,1906],"product_tag":[1327,410,1326],"brand":[],"target-group":[],"discontinued":[],"class_list":{"0":"post-198150","1":"product","2":"type-product","3":"status-publish","5":"product_cat-jeux-de-quiz-jeux-adultes","6":"product_cat-jeux-de-quiz-jeux-famille-2","7":"product_tag-connaissance","8":"product_tag-educatif","9":"product_tag-ensemble","11":"first","12":"instock","13":"taxable","14":"shipping-taxable","15":"product-type-simple"},"aioseo_notices":[],"_links":{"self":[{"href":"https:\/\/games.tactic.net\/fr\/wp-json\/wp\/v2\/product\/198150","targetHints":{"allow":["GET"]}}],"collection":[{"href":"https:\/\/games.tactic.net\/fr\/wp-json\/wp\/v2\/product"}],"about":[{"href":"https:\/\/games.tactic.net\/fr\/wp-json\/wp\/v2\/types\/product"}],"wp:attachment":[{"href":"https:\/\/games.tactic.net\/fr\/wp-json\/wp\/v2\/media?parent=198150"}],"wp:term":[{"taxonomy":"product_brand","embeddable":true,"href":"https:\/\/games.tactic.net\/fr\/wp-json\/wp\/v2\/product_brand?post=198150"},{"taxonomy":"product_cat","embeddable":true,"href":"https:\/\/games.tactic.net\/fr\/wp-json\/wp\/v2\/product_cat?post=198150"},{"taxonomy":"product_tag","embeddable":true,"href":"https:\/\/games.tactic.net\/fr\/wp-json\/wp\/v2\/product_tag?post=198150"},{"taxonomy":"brand","embeddable":true,"href":"https:\/\/games.tactic.net\/fr\/wp-json\/wp\/v2\/brand?post=198150"},{"taxonomy":"target-group","embeddable":true,"href":"https:\/\/games.tactic.net\/fr\/wp-json\/wp\/v2\/target-group?post=198150"},{"taxonomy":"discontinued","embeddable":true,"href":"https:\/\/games.tactic.net\/fr\/wp-json\/wp\/v2\/discontinued?post=198150"}],"curies":[{"name":"wp","href":"https:\/\/api.w.org\/{rel}","templated":true}]}}