{"id":198107,"date":"2021-10-01T13:26:23","date_gmt":"2021-10-01T10:26:23","guid":{"rendered":"http:\/\/dev.tactic.net\/tuote\/merveilles-du-monde\/"},"modified":"2023-10-25T16:12:24","modified_gmt":"2023-10-25T13:12:24","slug":"merveilles-du-monde","status":"publish","type":"product","link":"https:\/\/games.tactic.net\/fr\/tuote\/merveilles-du-monde\/","title":{"rendered":"Tactic Merveilles du monde"},"content":{"rendered":"<p>Fais le tour du monde et d\u00e9couvre certains des sites les plus \u00e9tonnants et exceptionnels de la plan\u00e8te ! Lorsque vient ton tour, essais de reconna\u00eetre les merveilles les plus c\u00e9l\u00e8bres et place-les sur les bons continents. Si tu ne trouves pas la bonne r\u00e9ponse, les indices t\u2019aideront \u00e0 trouver la bonne r\u00e9ponse !<\/p>\n","protected":false},"excerpt":{"rendered":"<p>Fais le tour du monde et d\u00e9couvre certains des sites les plus \u00e9tonnants et exceptionnels de la plan\u00e8te ! Lorsque vient ton tour, essais de reconna\u00eetre les merveilles les plus c\u00e9l\u00e8bres et place-les sur les bons continents. Si tu ne trouves pas la bonne r\u00e9ponse, les indices t\u2019aideront \u00e0 trouver la bonne r\u00e9ponse !<\/p>\n","protected":false},"featured_media":0,"template":"","meta":{"content-type":"","_monsterinsights_skip_tracking":false,"_monsterinsights_sitenote_active":false,"_monsterinsights_sitenote_note":"","_monsterinsights_sitenote_category":0},"product_brand":[],"product_cat":[1862,1906],"product_tag":[1327,1326],"brand":[],"target-group":[],"discontinued":[],"class_list":{"0":"post-198107","1":"product","2":"type-product","3":"status-publish","5":"product_cat-jeux-de-quiz-jeux-adultes","6":"product_cat-jeux-de-quiz-jeux-famille-2","7":"product_tag-connaissance","8":"product_tag-ensemble","10":"first","11":"outofstock","12":"taxable","13":"shipping-taxable","14":"product-type-simple"},"aioseo_notices":[],"_links":{"self":[{"href":"https:\/\/games.tactic.net\/fr\/wp-json\/wp\/v2\/product\/198107","targetHints":{"allow":["GET"]}}],"collection":[{"href":"https:\/\/games.tactic.net\/fr\/wp-json\/wp\/v2\/product"}],"about":[{"href":"https:\/\/games.tactic.net\/fr\/wp-json\/wp\/v2\/types\/product"}],"wp:attachment":[{"href":"https:\/\/games.tactic.net\/fr\/wp-json\/wp\/v2\/media?parent=198107"}],"wp:term":[{"taxonomy":"product_brand","embeddable":true,"href":"https:\/\/games.tactic.net\/fr\/wp-json\/wp\/v2\/product_brand?post=198107"},{"taxonomy":"product_cat","embeddable":true,"href":"https:\/\/games.tactic.net\/fr\/wp-json\/wp\/v2\/product_cat?post=198107"},{"taxonomy":"product_tag","embeddable":true,"href":"https:\/\/games.tactic.net\/fr\/wp-json\/wp\/v2\/product_tag?post=198107"},{"taxonomy":"brand","embeddable":true,"href":"https:\/\/games.tactic.net\/fr\/wp-json\/wp\/v2\/brand?post=198107"},{"taxonomy":"target-group","embeddable":true,"href":"https:\/\/games.tactic.net\/fr\/wp-json\/wp\/v2\/target-group?post=198107"},{"taxonomy":"discontinued","embeddable":true,"href":"https:\/\/games.tactic.net\/fr\/wp-json\/wp\/v2\/discontinued?post=198107"}],"curies":[{"name":"wp","href":"https:\/\/api.w.org\/{rel}","templated":true}]}}