{"id":198077,"date":"2021-10-01T13:24:35","date_gmt":"2021-10-01T10:24:35","guid":{"rendered":"http:\/\/dev.tactic.net\/tuote\/heros-autour-du-monde\/"},"modified":"2025-10-22T11:22:00","modified_gmt":"2025-10-22T08:22:00","slug":"heros-autour-du-monde","status":"publish","type":"product","link":"https:\/\/games.tactic.net\/fr\/tuote\/heros-autour-du-monde\/","title":{"rendered":"Tactic H\u00e9ros du Monde"},"content":{"rendered":"<p>Les livres sont remplis de femmes et d\u2019hommes ayant marqu\u00e9 l\u2019histoire, que ce soit par l\u2019invention de l\u2019automobile ou celle des antibiotiques. Le jeu H\u00e9ros du Monde pr\u00e9sente ces personnalit\u00e9s et leur travail, tandis que les joueurs marqueront des points en les reconnaissant et en r\u00e9pondant correctement \u00e0 de fascinantes questions.<\/p>\n","protected":false},"excerpt":{"rendered":"<p>Les livres sont remplis de femmes et d\u2019hommes ayant marqu\u00e9 l\u2019histoire, que ce soit par l\u2019invention de l\u2019automobile ou celle des antibiotiques. Le jeu H\u00e9ros du Monde pr\u00e9sente ces personnalit\u00e9s et leur travail, tandis que les joueurs marqueront des points en les reconnaissant et en r\u00e9pondant correctement \u00e0 de fascinantes questions.<\/p>\n","protected":false},"featured_media":0,"template":"","meta":{"content-type":"","_monsterinsights_skip_tracking":false,"_monsterinsights_sitenote_active":false,"_monsterinsights_sitenote_note":"","_monsterinsights_sitenote_category":0},"product_brand":[],"product_cat":[1862,1906],"product_tag":[1327,1326,1036],"brand":[],"target-group":[],"discontinued":[],"class_list":{"0":"post-198077","1":"product","2":"type-product","3":"status-publish","5":"product_cat-jeux-de-quiz-jeux-adultes","6":"product_cat-jeux-de-quiz-jeux-famille-2","7":"product_tag-connaissance","8":"product_tag-ensemble","9":"product_tag-passe-temps","11":"first","12":"instock","13":"taxable","14":"shipping-taxable","15":"product-type-simple"},"aioseo_notices":[],"_links":{"self":[{"href":"https:\/\/games.tactic.net\/fr\/wp-json\/wp\/v2\/product\/198077","targetHints":{"allow":["GET"]}}],"collection":[{"href":"https:\/\/games.tactic.net\/fr\/wp-json\/wp\/v2\/product"}],"about":[{"href":"https:\/\/games.tactic.net\/fr\/wp-json\/wp\/v2\/types\/product"}],"wp:attachment":[{"href":"https:\/\/games.tactic.net\/fr\/wp-json\/wp\/v2\/media?parent=198077"}],"wp:term":[{"taxonomy":"product_brand","embeddable":true,"href":"https:\/\/games.tactic.net\/fr\/wp-json\/wp\/v2\/product_brand?post=198077"},{"taxonomy":"product_cat","embeddable":true,"href":"https:\/\/games.tactic.net\/fr\/wp-json\/wp\/v2\/product_cat?post=198077"},{"taxonomy":"product_tag","embeddable":true,"href":"https:\/\/games.tactic.net\/fr\/wp-json\/wp\/v2\/product_tag?post=198077"},{"taxonomy":"brand","embeddable":true,"href":"https:\/\/games.tactic.net\/fr\/wp-json\/wp\/v2\/brand?post=198077"},{"taxonomy":"target-group","embeddable":true,"href":"https:\/\/games.tactic.net\/fr\/wp-json\/wp\/v2\/target-group?post=198077"},{"taxonomy":"discontinued","embeddable":true,"href":"https:\/\/games.tactic.net\/fr\/wp-json\/wp\/v2\/discontinued?post=198077"}],"curies":[{"name":"wp","href":"https:\/\/api.w.org\/{rel}","templated":true}]}}