{"id":197973,"date":"2021-10-01T13:11:42","date_gmt":"2021-10-01T10:11:42","guid":{"rendered":"http:\/\/dev.tactic.net\/tuote\/a-vos-des-2\/"},"modified":"2023-04-26T09:40:48","modified_gmt":"2023-04-26T06:40:48","slug":"a-vos-des-2","status":"archive","type":"product","link":"https:\/\/games.tactic.net\/fr\/tuote\/a-vos-des-2\/","title":{"rendered":"A vos d\u00e9s"},"content":{"rendered":"<p>\nPr\u00e9sente les r\u00e8gles de plus de 30 jeux de d\u00e9s populaires !<br \/>\u2022Passionnera les joueurs de tous niveaux.<br \/>\u2022Contient des pi\u00e8ces de jeu de qualit\u00e9, et tout ce dont<br \/>vous avez besoin pour une bonne soir\u00e9e ludique !<\/p>\n","protected":false},"excerpt":{"rendered":"<p>Pr\u00e9sente les r\u00e8gles de plus de 30 jeux de d\u00e9s populaires !<\/p>\n","protected":false},"featured_media":0,"template":"","meta":{"content-type":"","_monsterinsights_skip_tracking":false,"_monsterinsights_sitenote_active":false,"_monsterinsights_sitenote_note":"","_monsterinsights_sitenote_category":0},"product_brand":[],"product_cat":[1908],"product_tag":[1031,898],"brand":[],"target-group":[],"discontinued":[],"class_list":{"0":"post-197973","1":"product","2":"type-product","3":"status-archive","5":"product_cat-jeux-de-cartes-et-de-des-jeux-famille","6":"product_tag-chance","7":"product_tag-tactique","9":"first","10":"outofstock","11":"taxable","12":"shipping-taxable","13":"product-type-simple"},"aioseo_notices":[],"_links":{"self":[{"href":"https:\/\/games.tactic.net\/fr\/wp-json\/wp\/v2\/product\/197973","targetHints":{"allow":["GET"]}}],"collection":[{"href":"https:\/\/games.tactic.net\/fr\/wp-json\/wp\/v2\/product"}],"about":[{"href":"https:\/\/games.tactic.net\/fr\/wp-json\/wp\/v2\/types\/product"}],"wp:attachment":[{"href":"https:\/\/games.tactic.net\/fr\/wp-json\/wp\/v2\/media?parent=197973"}],"wp:term":[{"taxonomy":"product_brand","embeddable":true,"href":"https:\/\/games.tactic.net\/fr\/wp-json\/wp\/v2\/product_brand?post=197973"},{"taxonomy":"product_cat","embeddable":true,"href":"https:\/\/games.tactic.net\/fr\/wp-json\/wp\/v2\/product_cat?post=197973"},{"taxonomy":"product_tag","embeddable":true,"href":"https:\/\/games.tactic.net\/fr\/wp-json\/wp\/v2\/product_tag?post=197973"},{"taxonomy":"brand","embeddable":true,"href":"https:\/\/games.tactic.net\/fr\/wp-json\/wp\/v2\/brand?post=197973"},{"taxonomy":"target-group","embeddable":true,"href":"https:\/\/games.tactic.net\/fr\/wp-json\/wp\/v2\/target-group?post=197973"},{"taxonomy":"discontinued","embeddable":true,"href":"https:\/\/games.tactic.net\/fr\/wp-json\/wp\/v2\/discontinued?post=197973"}],"curies":[{"name":"wp","href":"https:\/\/api.w.org\/{rel}","templated":true}]}}