{"id":197916,"date":"2021-10-01T13:08:13","date_gmt":"2021-10-01T10:08:13","guid":{"rendered":"http:\/\/dev.tactic.net\/tuote\/a-vos-des\/"},"modified":"2023-10-25T15:10:24","modified_gmt":"2023-10-25T12:10:24","slug":"a-vos-des","status":"publish","type":"product","link":"https:\/\/games.tactic.net\/fr\/tuote\/a-vos-des\/","title":{"rendered":"Tactic A vos d\u00e9s"},"content":{"rendered":"<p>Pr\u00e9sente les r\u00e8gles de plus de 30 jeux de d\u00e9s populaires ! Passionnera les joueurs de tous niveaux. Contient des pi\u00e8ces de jeu de qualit\u00e9, et tout ce dont vous avez besoin pour une bonne soir\u00e9e ludique !<\/p>\n","protected":false},"excerpt":{"rendered":"<p>Pr\u00e9sente les r\u00e8gles de plus de 30 jeux de d\u00e9s populaires ! Passionnera les joueurs de tous niveaux. Contient des pi\u00e8ces de jeu de qualit\u00e9, et tout ce dont vous avez besoin pour une bonne soir\u00e9e ludique !<\/p>\n","protected":false},"featured_media":0,"template":"","meta":{"content-type":"","_monsterinsights_skip_tracking":false,"_monsterinsights_sitenote_active":false,"_monsterinsights_sitenote_note":"","_monsterinsights_sitenote_category":0},"product_brand":[],"product_cat":[1888,1908],"product_tag":[1236],"brand":[],"target-group":[],"discontinued":[],"class_list":{"0":"post-197916","1":"product","2":"type-product","3":"status-publish","5":"product_cat-jeux-de-cartes-et-de-des-autres-jeux","6":"product_cat-jeux-de-cartes-et-de-des-jeux-famille","7":"product_tag-combiner-fr","9":"first","10":"instock","11":"taxable","12":"shipping-taxable","13":"product-type-simple"},"aioseo_notices":[],"_links":{"self":[{"href":"https:\/\/games.tactic.net\/fr\/wp-json\/wp\/v2\/product\/197916","targetHints":{"allow":["GET"]}}],"collection":[{"href":"https:\/\/games.tactic.net\/fr\/wp-json\/wp\/v2\/product"}],"about":[{"href":"https:\/\/games.tactic.net\/fr\/wp-json\/wp\/v2\/types\/product"}],"wp:attachment":[{"href":"https:\/\/games.tactic.net\/fr\/wp-json\/wp\/v2\/media?parent=197916"}],"wp:term":[{"taxonomy":"product_brand","embeddable":true,"href":"https:\/\/games.tactic.net\/fr\/wp-json\/wp\/v2\/product_brand?post=197916"},{"taxonomy":"product_cat","embeddable":true,"href":"https:\/\/games.tactic.net\/fr\/wp-json\/wp\/v2\/product_cat?post=197916"},{"taxonomy":"product_tag","embeddable":true,"href":"https:\/\/games.tactic.net\/fr\/wp-json\/wp\/v2\/product_tag?post=197916"},{"taxonomy":"brand","embeddable":true,"href":"https:\/\/games.tactic.net\/fr\/wp-json\/wp\/v2\/brand?post=197916"},{"taxonomy":"target-group","embeddable":true,"href":"https:\/\/games.tactic.net\/fr\/wp-json\/wp\/v2\/target-group?post=197916"},{"taxonomy":"discontinued","embeddable":true,"href":"https:\/\/games.tactic.net\/fr\/wp-json\/wp\/v2\/discontinued?post=197916"}],"curies":[{"name":"wp","href":"https:\/\/api.w.org\/{rel}","templated":true}]}}