{"id":197895,"date":"2021-10-01T13:07:39","date_gmt":"2021-10-01T10:07:39","guid":{"rendered":"http:\/\/dev.tactic.net\/tuote\/yatzy\/"},"modified":"2023-10-25T15:56:38","modified_gmt":"2023-10-25T12:56:38","slug":"yatzy","status":"publish","type":"product","link":"https:\/\/games.tactic.net\/fr\/tuote\/yatzy\/","title":{"rendered":"Tactic Yatzy dice game"},"content":{"rendered":"<p>Le Yatzy, ou Yams, grand classique, consiste a marquer le plus possible de points pour gagner, en r\u00e9alisant des combinaisons diff\u00e9rentes avec les d\u00e9s. Contenu: 5 d\u00e9s en bois, un gobelet, un bloc scores, r\u00e9gle de jeu.<\/p>\n","protected":false},"excerpt":{"rendered":"<p>Le Yatzy, ou Yams, grand classique, consiste a marquer le plus possible de points pour gagner, en r\u00e9alisant des combinaisons diff\u00e9rentes avec les d\u00e9s. Contenu: 5 d\u00e9s en bois, un gobelet, un bloc scores, r\u00e9gle de jeu.<\/p>\n","protected":false},"featured_media":0,"template":"","meta":{"content-type":"","_monsterinsights_skip_tracking":false,"_monsterinsights_sitenote_active":false,"_monsterinsights_sitenote_note":"","_monsterinsights_sitenote_category":0},"product_brand":[],"product_cat":[1888,1908],"product_tag":[373,1031,1236],"brand":[],"target-group":[],"discontinued":[],"class_list":{"0":"post-197895","1":"product","2":"type-product","3":"status-publish","5":"product_cat-jeux-de-cartes-et-de-des-autres-jeux","6":"product_cat-jeux-de-cartes-et-de-des-jeux-famille","7":"product_tag-calcul","8":"product_tag-chance","9":"product_tag-combiner-fr","11":"first","12":"instock","13":"taxable","14":"shipping-taxable","15":"product-type-simple"},"aioseo_notices":[],"_links":{"self":[{"href":"https:\/\/games.tactic.net\/fr\/wp-json\/wp\/v2\/product\/197895","targetHints":{"allow":["GET"]}}],"collection":[{"href":"https:\/\/games.tactic.net\/fr\/wp-json\/wp\/v2\/product"}],"about":[{"href":"https:\/\/games.tactic.net\/fr\/wp-json\/wp\/v2\/types\/product"}],"wp:attachment":[{"href":"https:\/\/games.tactic.net\/fr\/wp-json\/wp\/v2\/media?parent=197895"}],"wp:term":[{"taxonomy":"product_brand","embeddable":true,"href":"https:\/\/games.tactic.net\/fr\/wp-json\/wp\/v2\/product_brand?post=197895"},{"taxonomy":"product_cat","embeddable":true,"href":"https:\/\/games.tactic.net\/fr\/wp-json\/wp\/v2\/product_cat?post=197895"},{"taxonomy":"product_tag","embeddable":true,"href":"https:\/\/games.tactic.net\/fr\/wp-json\/wp\/v2\/product_tag?post=197895"},{"taxonomy":"brand","embeddable":true,"href":"https:\/\/games.tactic.net\/fr\/wp-json\/wp\/v2\/brand?post=197895"},{"taxonomy":"target-group","embeddable":true,"href":"https:\/\/games.tactic.net\/fr\/wp-json\/wp\/v2\/target-group?post=197895"},{"taxonomy":"discontinued","embeddable":true,"href":"https:\/\/games.tactic.net\/fr\/wp-json\/wp\/v2\/discontinued?post=197895"}],"curies":[{"name":"wp","href":"https:\/\/api.w.org\/{rel}","templated":true}]}}