{"id":197862,"date":"2021-10-01T13:06:33","date_gmt":"2021-10-01T10:06:33","guid":{"rendered":"http:\/\/dev.tactic.net\/tuote\/rainbow-yatzy\/"},"modified":"2023-10-25T16:21:11","modified_gmt":"2023-10-25T13:21:11","slug":"rainbow-yatzy","status":"publish","type":"product","link":"https:\/\/games.tactic.net\/fr\/tuote\/rainbow-yatzy\/","title":{"rendered":"Tactic Rainbow Yatzy"},"content":{"rendered":"<p>Un jeu de d\u00e9s classique avec une touche de couleur ! Lance les d\u00e9s sur la base de l\u2019arc-en-ciel et essais de faire correspondre les couleurs afin de r\u00e9cup\u00e9rer les cartes sur la table. Plus tu accumules de cartes, plus ton score sera \u00e9lev\u00e9. Sois juste prudent parce que tes efforts peuvent parfois finir par aider le prochain joueur&#8230;<\/p>\n","protected":false},"excerpt":{"rendered":"<p>Un jeu de d\u00e9s classique avec une touche de couleur ! Lance les d\u00e9s sur la base de l\u2019arc-en-ciel et essais de faire correspondre les couleurs afin de r\u00e9cup\u00e9rer les cartes sur la table. Plus tu accumules de cartes, plus ton score sera \u00e9lev\u00e9. Sois juste prudent parce que tes efforts peuvent parfois finir par aider le prochain joueur. Ce jeu compact est facile \u00e0 transporter.<\/p>\n","protected":false},"featured_media":0,"template":"","meta":{"content-type":"","_monsterinsights_skip_tracking":false,"_monsterinsights_sitenote_active":false,"_monsterinsights_sitenote_note":"","_monsterinsights_sitenote_category":0},"product_brand":[],"product_cat":[1888,1908],"product_tag":[373,1031,1326],"brand":[],"target-group":[],"discontinued":[],"class_list":{"0":"post-197862","1":"product","2":"type-product","3":"status-publish","5":"product_cat-jeux-de-cartes-et-de-des-autres-jeux","6":"product_cat-jeux-de-cartes-et-de-des-jeux-famille","7":"product_tag-calcul","8":"product_tag-chance","9":"product_tag-ensemble","11":"first","12":"instock","13":"taxable","14":"shipping-taxable","15":"product-type-simple"},"aioseo_notices":[],"_links":{"self":[{"href":"https:\/\/games.tactic.net\/fr\/wp-json\/wp\/v2\/product\/197862","targetHints":{"allow":["GET"]}}],"collection":[{"href":"https:\/\/games.tactic.net\/fr\/wp-json\/wp\/v2\/product"}],"about":[{"href":"https:\/\/games.tactic.net\/fr\/wp-json\/wp\/v2\/types\/product"}],"wp:attachment":[{"href":"https:\/\/games.tactic.net\/fr\/wp-json\/wp\/v2\/media?parent=197862"}],"wp:term":[{"taxonomy":"product_brand","embeddable":true,"href":"https:\/\/games.tactic.net\/fr\/wp-json\/wp\/v2\/product_brand?post=197862"},{"taxonomy":"product_cat","embeddable":true,"href":"https:\/\/games.tactic.net\/fr\/wp-json\/wp\/v2\/product_cat?post=197862"},{"taxonomy":"product_tag","embeddable":true,"href":"https:\/\/games.tactic.net\/fr\/wp-json\/wp\/v2\/product_tag?post=197862"},{"taxonomy":"brand","embeddable":true,"href":"https:\/\/games.tactic.net\/fr\/wp-json\/wp\/v2\/brand?post=197862"},{"taxonomy":"target-group","embeddable":true,"href":"https:\/\/games.tactic.net\/fr\/wp-json\/wp\/v2\/target-group?post=197862"},{"taxonomy":"discontinued","embeddable":true,"href":"https:\/\/games.tactic.net\/fr\/wp-json\/wp\/v2\/discontinued?post=197862"}],"curies":[{"name":"wp","href":"https:\/\/api.w.org\/{rel}","templated":true}]}}