{"id":197831,"date":"2021-10-01T13:03:54","date_gmt":"2021-10-01T10:03:54","guid":{"rendered":"http:\/\/dev.tactic.net\/tuote\/a-vos-cartes\/"},"modified":"2023-10-25T14:04:58","modified_gmt":"2023-10-25T11:04:58","slug":"a-vos-cartes","status":"publish","type":"product","link":"https:\/\/games.tactic.net\/fr\/tuote\/a-vos-cartes\/","title":{"rendered":"Tactic A vos cartes"},"content":{"rendered":"<p>Pr\u00e9sente les r\u00e8gles de plus de 30 jeux de d\u00e9s populaires !<\/p>\n","protected":false},"excerpt":{"rendered":"<p>Pr\u00e9sente les r\u00e8gles de plus de 30 jeux de d\u00e9s populaires ! Contient deux jeux de cartes, des billets factices et un bloc pour noter les scores. Passionnera les joueurs de tous niveaux.<\/p>\n","protected":false},"featured_media":0,"template":"","meta":{"content-type":"","_monsterinsights_skip_tracking":false,"_monsterinsights_sitenote_active":false,"_monsterinsights_sitenote_note":"","_monsterinsights_sitenote_category":0},"product_brand":[],"product_cat":[1888],"product_tag":[1031,578,898],"brand":[],"target-group":[],"discontinued":[],"class_list":{"0":"post-197831","1":"product","2":"type-product","3":"status-publish","5":"product_cat-jeux-de-cartes-et-de-des-autres-jeux","6":"product_tag-chance","7":"product_tag-habilete","8":"product_tag-tactique","10":"first","11":"outofstock","12":"taxable","13":"shipping-taxable","14":"product-type-simple"},"aioseo_notices":[],"_links":{"self":[{"href":"https:\/\/games.tactic.net\/fr\/wp-json\/wp\/v2\/product\/197831","targetHints":{"allow":["GET"]}}],"collection":[{"href":"https:\/\/games.tactic.net\/fr\/wp-json\/wp\/v2\/product"}],"about":[{"href":"https:\/\/games.tactic.net\/fr\/wp-json\/wp\/v2\/types\/product"}],"wp:attachment":[{"href":"https:\/\/games.tactic.net\/fr\/wp-json\/wp\/v2\/media?parent=197831"}],"wp:term":[{"taxonomy":"product_brand","embeddable":true,"href":"https:\/\/games.tactic.net\/fr\/wp-json\/wp\/v2\/product_brand?post=197831"},{"taxonomy":"product_cat","embeddable":true,"href":"https:\/\/games.tactic.net\/fr\/wp-json\/wp\/v2\/product_cat?post=197831"},{"taxonomy":"product_tag","embeddable":true,"href":"https:\/\/games.tactic.net\/fr\/wp-json\/wp\/v2\/product_tag?post=197831"},{"taxonomy":"brand","embeddable":true,"href":"https:\/\/games.tactic.net\/fr\/wp-json\/wp\/v2\/brand?post=197831"},{"taxonomy":"target-group","embeddable":true,"href":"https:\/\/games.tactic.net\/fr\/wp-json\/wp\/v2\/target-group?post=197831"},{"taxonomy":"discontinued","embeddable":true,"href":"https:\/\/games.tactic.net\/fr\/wp-json\/wp\/v2\/discontinued?post=197831"}],"curies":[{"name":"wp","href":"https:\/\/api.w.org\/{rel}","templated":true}]}}