{"id":197785,"date":"2021-10-01T13:01:37","date_gmt":"2021-10-01T10:01:37","guid":{"rendered":"http:\/\/dev.tactic.net\/tuote\/touche\/"},"modified":"2023-12-01T15:41:25","modified_gmt":"2023-12-01T13:41:25","slug":"touche","status":"archive","type":"product","link":"https:\/\/games.tactic.net\/fr\/tuote\/touche\/","title":{"rendered":"Touch\u00e9"},"content":{"rendered":"\n<div title=\"Page 8\" class=\"page\">\n<div class=\"section\">\n<div class=\"layoutArea\">\n<div class=\"column\">Jouez bien vos cartes pour former trois motifs di \u00e9rents sur le plateau de jeu, tout en bloquant la progression des autres joueurs ! <br \/>\u2022 Une passionnante combinaison entre <\/div>\n<div class=\"column\">jeu de plateau et jeu de cartes ! <br \/>\u2022 Un jeu prim\u00e9 qui continue \u00e0 divertir et \u00e0 intriguer. <br \/>\u2022 Peut \u00eatre jou\u00e9 individuellement ou en \u00e9quipe ! <\/div>\n<\/div>\n<\/div>\n<\/div>\n","protected":false},"excerpt":{"rendered":"<p>Jouez bien vos cartes pour former trois motifs di \u00e9rents sur le plateau de jeu, tout en bloquant la progression des autres joueurs !<\/p>\n","protected":false},"featured_media":0,"template":"","meta":{"content-type":"","_monsterinsights_skip_tracking":false,"_monsterinsights_sitenote_active":false,"_monsterinsights_sitenote_note":"","_monsterinsights_sitenote_category":0},"product_brand":[],"product_cat":[1860,1786],"product_tag":[1236,1246],"brand":[],"target-group":[],"discontinued":[],"class_list":{"0":"post-197785","1":"product","2":"type-product","3":"status-archive","5":"product_cat-jeux-de-societe","6":"product_cat-jeux-de-strategie-jeux-adultes","7":"product_tag-combiner-fr","8":"product_tag-strategie-fr","10":"first","11":"outofstock","12":"taxable","13":"shipping-taxable","14":"product-type-simple"},"aioseo_notices":[],"_links":{"self":[{"href":"https:\/\/games.tactic.net\/fr\/wp-json\/wp\/v2\/product\/197785","targetHints":{"allow":["GET"]}}],"collection":[{"href":"https:\/\/games.tactic.net\/fr\/wp-json\/wp\/v2\/product"}],"about":[{"href":"https:\/\/games.tactic.net\/fr\/wp-json\/wp\/v2\/types\/product"}],"wp:attachment":[{"href":"https:\/\/games.tactic.net\/fr\/wp-json\/wp\/v2\/media?parent=197785"}],"wp:term":[{"taxonomy":"product_brand","embeddable":true,"href":"https:\/\/games.tactic.net\/fr\/wp-json\/wp\/v2\/product_brand?post=197785"},{"taxonomy":"product_cat","embeddable":true,"href":"https:\/\/games.tactic.net\/fr\/wp-json\/wp\/v2\/product_cat?post=197785"},{"taxonomy":"product_tag","embeddable":true,"href":"https:\/\/games.tactic.net\/fr\/wp-json\/wp\/v2\/product_tag?post=197785"},{"taxonomy":"brand","embeddable":true,"href":"https:\/\/games.tactic.net\/fr\/wp-json\/wp\/v2\/brand?post=197785"},{"taxonomy":"target-group","embeddable":true,"href":"https:\/\/games.tactic.net\/fr\/wp-json\/wp\/v2\/target-group?post=197785"},{"taxonomy":"discontinued","embeddable":true,"href":"https:\/\/games.tactic.net\/fr\/wp-json\/wp\/v2\/discontinued?post=197785"}],"curies":[{"name":"wp","href":"https:\/\/api.w.org\/{rel}","templated":true}]}}