{"id":197770,"date":"2021-10-01T13:00:31","date_gmt":"2021-10-01T10:00:31","guid":{"rendered":"http:\/\/dev.tactic.net\/tuote\/block-out\/"},"modified":"2022-02-07T09:54:50","modified_gmt":"2022-02-07T07:54:50","slug":"block-out","status":"publish","type":"product","link":"https:\/\/games.tactic.net\/fr\/tuote\/block-out\/","title":{"rendered":"Tactic Block Out!"},"content":{"rendered":"<p>Empile les cubes les uns sur les autres sans faire tomber la pile ! Le premier \u00e0 avoir jou\u00e9 toutes ses cartes ou \u00e0 avoir plac\u00e9 le 9i\u00e8me cube gagne la partie !<\/p>\n","protected":false},"excerpt":{"rendered":"<p>Empile les cubes les uns sur les autres sans faire tomber la pile ! Le premier \u00e0 avoir jou\u00e9 toutes ses cartes ou \u00e0 avoir plac\u00e9 le 9i\u00e8me cube gagne la partie !<\/p>\n","protected":false},"featured_media":0,"template":"","meta":{"content-type":"","_monsterinsights_skip_tracking":false,"_monsterinsights_sitenote_active":false,"_monsterinsights_sitenote_note":"","_monsterinsights_sitenote_category":0},"product_brand":[],"product_cat":[1860],"product_tag":[578,898],"brand":[],"target-group":[],"discontinued":[],"class_list":{"0":"post-197770","1":"product","2":"type-product","3":"status-publish","5":"product_cat-jeux-de-societe","6":"product_tag-habilete","7":"product_tag-tactique","9":"first","10":"outofstock","11":"taxable","12":"shipping-taxable","13":"product-type-simple"},"aioseo_notices":[],"_links":{"self":[{"href":"https:\/\/games.tactic.net\/fr\/wp-json\/wp\/v2\/product\/197770","targetHints":{"allow":["GET"]}}],"collection":[{"href":"https:\/\/games.tactic.net\/fr\/wp-json\/wp\/v2\/product"}],"about":[{"href":"https:\/\/games.tactic.net\/fr\/wp-json\/wp\/v2\/types\/product"}],"wp:attachment":[{"href":"https:\/\/games.tactic.net\/fr\/wp-json\/wp\/v2\/media?parent=197770"}],"wp:term":[{"taxonomy":"product_brand","embeddable":true,"href":"https:\/\/games.tactic.net\/fr\/wp-json\/wp\/v2\/product_brand?post=197770"},{"taxonomy":"product_cat","embeddable":true,"href":"https:\/\/games.tactic.net\/fr\/wp-json\/wp\/v2\/product_cat?post=197770"},{"taxonomy":"product_tag","embeddable":true,"href":"https:\/\/games.tactic.net\/fr\/wp-json\/wp\/v2\/product_tag?post=197770"},{"taxonomy":"brand","embeddable":true,"href":"https:\/\/games.tactic.net\/fr\/wp-json\/wp\/v2\/brand?post=197770"},{"taxonomy":"target-group","embeddable":true,"href":"https:\/\/games.tactic.net\/fr\/wp-json\/wp\/v2\/target-group?post=197770"},{"taxonomy":"discontinued","embeddable":true,"href":"https:\/\/games.tactic.net\/fr\/wp-json\/wp\/v2\/discontinued?post=197770"}],"curies":[{"name":"wp","href":"https:\/\/api.w.org\/{rel}","templated":true}]}}