{"id":197699,"date":"2021-10-01T12:58:40","date_gmt":"2021-10-01T09:58:40","guid":{"rendered":"http:\/\/dev.tactic.net\/tuote\/totem\/"},"modified":"2022-03-21T12:07:47","modified_gmt":"2022-03-21T10:07:47","slug":"totem","status":"archive","type":"product","link":"https:\/\/games.tactic.net\/fr\/tuote\/totem\/","title":{"rendered":"Totem"},"content":{"rendered":"<div>Sois le premier \u00e0 faire traverser le plateau de jeu \u00e0 ton pion Totem. Mais attention au cases avec des symboles sp\u00e9ciaux qui peuvent g\u00eaner ta progression.<\/div>\n<div>\u2022 Les cases avec des symboles changent et le plateau se modifie donc constamment.<\/div>\n<div>\u2022 Avec de fantastiques pions Totem.<\/div>\n<div>\u2022 T\u00e9l\u00e9charge l\u2019application pour encore plus de rebondissements !<\/div>\n","protected":false},"excerpt":{"rendered":"<p>Sois le premier \u00e0 faire traverser le plateau de jeu \u00e0 ton pion Totem. Mais attention au cases avec des symboles sp\u00e9ciaux qui peuvent g\u00eaner ta progression.<\/p>\n","protected":false},"featured_media":0,"template":"","meta":{"content-type":"","_monsterinsights_skip_tracking":false,"_monsterinsights_sitenote_active":false,"_monsterinsights_sitenote_note":"","_monsterinsights_sitenote_category":0},"product_brand":[],"product_cat":[1860],"product_tag":[1246,898],"brand":[],"target-group":[],"discontinued":[],"class_list":{"0":"post-197699","1":"product","2":"type-product","3":"status-archive","5":"product_cat-jeux-de-societe","6":"product_tag-strategie-fr","7":"product_tag-tactique","9":"first","10":"outofstock","11":"taxable","12":"shipping-taxable","13":"product-type-simple"},"aioseo_notices":[],"_links":{"self":[{"href":"https:\/\/games.tactic.net\/fr\/wp-json\/wp\/v2\/product\/197699","targetHints":{"allow":["GET"]}}],"collection":[{"href":"https:\/\/games.tactic.net\/fr\/wp-json\/wp\/v2\/product"}],"about":[{"href":"https:\/\/games.tactic.net\/fr\/wp-json\/wp\/v2\/types\/product"}],"wp:attachment":[{"href":"https:\/\/games.tactic.net\/fr\/wp-json\/wp\/v2\/media?parent=197699"}],"wp:term":[{"taxonomy":"product_brand","embeddable":true,"href":"https:\/\/games.tactic.net\/fr\/wp-json\/wp\/v2\/product_brand?post=197699"},{"taxonomy":"product_cat","embeddable":true,"href":"https:\/\/games.tactic.net\/fr\/wp-json\/wp\/v2\/product_cat?post=197699"},{"taxonomy":"product_tag","embeddable":true,"href":"https:\/\/games.tactic.net\/fr\/wp-json\/wp\/v2\/product_tag?post=197699"},{"taxonomy":"brand","embeddable":true,"href":"https:\/\/games.tactic.net\/fr\/wp-json\/wp\/v2\/brand?post=197699"},{"taxonomy":"target-group","embeddable":true,"href":"https:\/\/games.tactic.net\/fr\/wp-json\/wp\/v2\/target-group?post=197699"},{"taxonomy":"discontinued","embeddable":true,"href":"https:\/\/games.tactic.net\/fr\/wp-json\/wp\/v2\/discontinued?post=197699"}],"curies":[{"name":"wp","href":"https:\/\/api.w.org\/{rel}","templated":true}]}}