{"id":197684,"date":"2021-10-01T12:57:55","date_gmt":"2021-10-01T09:57:55","guid":{"rendered":"http:\/\/dev.tactic.net\/tuote\/les-petits-chevaux\/"},"modified":"2023-10-25T14:47:04","modified_gmt":"2023-10-25T11:47:04","slug":"les-petits-chevaux","status":"publish","type":"product","link":"https:\/\/games.tactic.net\/fr\/tuote\/les-petits-chevaux\/","title":{"rendered":"Tactic Les petits chevaux"},"content":{"rendered":"<p>Cliquez sur le d\u00e9 au milieu du plateau et d\u00e9placez vos pions sur la piste ! Le premier joueur \u00e0 avoir fait le tour du plateau avec ses quatre pions est d\u00e9clar\u00e9 vainqueur.<\/p>\n","protected":false},"excerpt":{"rendered":"<p>Cliquez sur le d\u00e9 au milieu du plateau et d\u00e9placez vos pions sur la piste ! Le premier joueur \u00e0 avoir fait le tour du plateau avec ses quatre pions est d\u00e9clar\u00e9 vainqueur. Une incroyable course de vitesse ! Le jeu et ses pi\u00e8ces sont tr\u00e8s solides. Un authentique classique adapt\u00e9 \u00e0 tous les \u00e2ges !<\/p>\n","protected":false},"featured_media":0,"template":"","meta":{"content-type":"","_monsterinsights_skip_tracking":false,"_monsterinsights_sitenote_active":false,"_monsterinsights_sitenote_note":"","_monsterinsights_sitenote_category":0},"product_brand":[],"product_cat":[1858],"product_tag":[1326],"brand":[],"target-group":[],"discontinued":[],"class_list":{"0":"post-197684","1":"product","2":"type-product","3":"status-publish","5":"product_cat-jeux-de-societe-enfants","6":"product_tag-ensemble","8":"first","9":"instock","10":"taxable","11":"shipping-taxable","12":"product-type-simple"},"aioseo_notices":[],"_links":{"self":[{"href":"https:\/\/games.tactic.net\/fr\/wp-json\/wp\/v2\/product\/197684","targetHints":{"allow":["GET"]}}],"collection":[{"href":"https:\/\/games.tactic.net\/fr\/wp-json\/wp\/v2\/product"}],"about":[{"href":"https:\/\/games.tactic.net\/fr\/wp-json\/wp\/v2\/types\/product"}],"wp:attachment":[{"href":"https:\/\/games.tactic.net\/fr\/wp-json\/wp\/v2\/media?parent=197684"}],"wp:term":[{"taxonomy":"product_brand","embeddable":true,"href":"https:\/\/games.tactic.net\/fr\/wp-json\/wp\/v2\/product_brand?post=197684"},{"taxonomy":"product_cat","embeddable":true,"href":"https:\/\/games.tactic.net\/fr\/wp-json\/wp\/v2\/product_cat?post=197684"},{"taxonomy":"product_tag","embeddable":true,"href":"https:\/\/games.tactic.net\/fr\/wp-json\/wp\/v2\/product_tag?post=197684"},{"taxonomy":"brand","embeddable":true,"href":"https:\/\/games.tactic.net\/fr\/wp-json\/wp\/v2\/brand?post=197684"},{"taxonomy":"target-group","embeddable":true,"href":"https:\/\/games.tactic.net\/fr\/wp-json\/wp\/v2\/target-group?post=197684"},{"taxonomy":"discontinued","embeddable":true,"href":"https:\/\/games.tactic.net\/fr\/wp-json\/wp\/v2\/discontinued?post=197684"}],"curies":[{"name":"wp","href":"https:\/\/api.w.org\/{rel}","templated":true}]}}