{"id":197627,"date":"2021-10-01T12:53:45","date_gmt":"2021-10-01T09:53:45","guid":{"rendered":"http:\/\/dev.tactic.net\/tuote\/slingshot-to-mars\/"},"modified":"2023-10-25T16:27:47","modified_gmt":"2023-10-25T13:27:47","slug":"slingshot-to-mars","status":"publish","type":"product","link":"https:\/\/games.tactic.net\/fr\/tuote\/slingshot-to-mars\/","title":{"rendered":"Gamestorm Slingshot to Mars"},"content":{"rendered":"<p>Participez \u00e0 une aventure galactique sur Mars et sa lune Phobos. Lancez votre vaisseau spatial en orbite afin de trouver les meilleurs sites miniers et utilisez les am\u00e9liorations de votre vaisseau pour gagner davantage. Le jeu se termine lorsque tous les min\u00e9raux ont \u00e9t\u00e9 collect\u00e9s, et le joueur avec le score le plus \u00e9lev\u00e9 remporte la partie !<\/p>\n","protected":false},"excerpt":{"rendered":"<p>Participez \u00e0 une aventure galactique sur Mars et sa lune Phobos. Lancez votre vaisseau spatial en orbite afin de trouver les meilleurs sites miniers et utilisez les am\u00e9liorations de votre vaisseau pour gagner davantage. Le jeu se termine lorsque tous les min\u00e9raux ont \u00e9t\u00e9 collect\u00e9s, et le joueur avec le score le plus \u00e9lev\u00e9 remporte [&hellip;]<\/p>\n","protected":false},"featured_media":0,"template":"","meta":{"content-type":"","_monsterinsights_skip_tracking":false,"_monsterinsights_sitenote_active":false,"_monsterinsights_sitenote_note":"","_monsterinsights_sitenote_category":0},"product_brand":[],"product_cat":[1787,1786],"product_tag":[1246],"brand":[{"id":887,"name":"Gamestorm Studio","slug":"gamestormstudio-fr"}],"target-group":[],"discontinued":[],"class_list":{"0":"post-197627","1":"product","2":"type-product","3":"status-publish","5":"product_cat-jeux-de-strategie-jeux-famille","6":"product_cat-jeux-de-strategie-jeux-adultes","7":"product_tag-strategie-fr","8":"brand-gamestormstudio-fr","10":"first","11":"instock","12":"taxable","13":"shipping-taxable","14":"product-type-simple"},"aioseo_notices":[],"_links":{"self":[{"href":"https:\/\/games.tactic.net\/fr\/wp-json\/wp\/v2\/product\/197627","targetHints":{"allow":["GET"]}}],"collection":[{"href":"https:\/\/games.tactic.net\/fr\/wp-json\/wp\/v2\/product"}],"about":[{"href":"https:\/\/games.tactic.net\/fr\/wp-json\/wp\/v2\/types\/product"}],"wp:attachment":[{"href":"https:\/\/games.tactic.net\/fr\/wp-json\/wp\/v2\/media?parent=197627"}],"wp:term":[{"taxonomy":"product_brand","embeddable":true,"href":"https:\/\/games.tactic.net\/fr\/wp-json\/wp\/v2\/product_brand?post=197627"},{"taxonomy":"product_cat","embeddable":true,"href":"https:\/\/games.tactic.net\/fr\/wp-json\/wp\/v2\/product_cat?post=197627"},{"taxonomy":"product_tag","embeddable":true,"href":"https:\/\/games.tactic.net\/fr\/wp-json\/wp\/v2\/product_tag?post=197627"},{"taxonomy":"brand","embeddable":true,"href":"https:\/\/games.tactic.net\/fr\/wp-json\/wp\/v2\/brand?post=197627"},{"taxonomy":"target-group","embeddable":true,"href":"https:\/\/games.tactic.net\/fr\/wp-json\/wp\/v2\/target-group?post=197627"},{"taxonomy":"discontinued","embeddable":true,"href":"https:\/\/games.tactic.net\/fr\/wp-json\/wp\/v2\/discontinued?post=197627"}],"curies":[{"name":"wp","href":"https:\/\/api.w.org\/{rel}","templated":true}]}}