{"id":197598,"date":"2021-10-01T12:51:51","date_gmt":"2021-10-01T09:51:51","guid":{"rendered":"http:\/\/dev.tactic.net\/tuote\/seas-of-fortune\/"},"modified":"2025-11-21T14:04:43","modified_gmt":"2025-11-21T12:04:43","slug":"seas-of-fortune","status":"archive","type":"product","link":"https:\/\/games.tactic.net\/fr\/tuote\/seas-of-fortune\/","title":{"rendered":"Gamestorm Seas of Fortune"},"content":{"rendered":"<p>Mettez-vous dans la peau d\u2019un commer\u00e7ant du 18e si\u00e8cle et naviguez de port en port dans la Baltique et la mer du Nord ! Rivalisez avec d\u2019autres joueurs pour les meilleurs \u00e9quipages, remplir votre navire avec des marchandises et essayez de les transporter \u00e0 votre destination avant que les autres ne vous y battent. Choisir votre cargaison et votre \u00e9quipage \u00e0 bon escient, car ils affectent votre vitesse de navigation et votre montant d\u2019argent.<\/p>\n","protected":false},"excerpt":{"rendered":"<p>Mettez-vous dans la peau d\u2019un commer\u00e7ant du 18e si\u00e8cle et naviguez de port en port dans la Baltique et la mer du Nord ! Rivalisez avec d\u2019autres joueurs pour les meilleurs \u00e9quipages, remplir votre navire avec des marchandises et essayez de les transporter \u00e0 votre destination avant que les autres ne vous y battent. Choisir [&hellip;]<\/p>\n","protected":false},"featured_media":0,"template":"","meta":{"content-type":"","_monsterinsights_skip_tracking":false,"_monsterinsights_sitenote_active":false,"_monsterinsights_sitenote_note":"","_monsterinsights_sitenote_category":0},"product_brand":[],"product_cat":[1787,1786],"product_tag":[1246],"brand":[{"id":887,"name":"Gamestorm Studio","slug":"gamestormstudio-fr"}],"target-group":[],"discontinued":[],"class_list":{"0":"post-197598","1":"product","2":"type-product","3":"status-archive","5":"product_cat-jeux-de-strategie-jeux-famille","6":"product_cat-jeux-de-strategie-jeux-adultes","7":"product_tag-strategie-fr","8":"brand-gamestormstudio-fr","10":"first","11":"outofstock","12":"taxable","13":"shipping-taxable","14":"product-type-simple"},"aioseo_notices":[],"_links":{"self":[{"href":"https:\/\/games.tactic.net\/fr\/wp-json\/wp\/v2\/product\/197598","targetHints":{"allow":["GET"]}}],"collection":[{"href":"https:\/\/games.tactic.net\/fr\/wp-json\/wp\/v2\/product"}],"about":[{"href":"https:\/\/games.tactic.net\/fr\/wp-json\/wp\/v2\/types\/product"}],"wp:attachment":[{"href":"https:\/\/games.tactic.net\/fr\/wp-json\/wp\/v2\/media?parent=197598"}],"wp:term":[{"taxonomy":"product_brand","embeddable":true,"href":"https:\/\/games.tactic.net\/fr\/wp-json\/wp\/v2\/product_brand?post=197598"},{"taxonomy":"product_cat","embeddable":true,"href":"https:\/\/games.tactic.net\/fr\/wp-json\/wp\/v2\/product_cat?post=197598"},{"taxonomy":"product_tag","embeddable":true,"href":"https:\/\/games.tactic.net\/fr\/wp-json\/wp\/v2\/product_tag?post=197598"},{"taxonomy":"brand","embeddable":true,"href":"https:\/\/games.tactic.net\/fr\/wp-json\/wp\/v2\/brand?post=197598"},{"taxonomy":"target-group","embeddable":true,"href":"https:\/\/games.tactic.net\/fr\/wp-json\/wp\/v2\/target-group?post=197598"},{"taxonomy":"discontinued","embeddable":true,"href":"https:\/\/games.tactic.net\/fr\/wp-json\/wp\/v2\/discontinued?post=197598"}],"curies":[{"name":"wp","href":"https:\/\/api.w.org\/{rel}","templated":true}]}}