{"id":197583,"date":"2021-10-01T12:50:08","date_gmt":"2021-10-01T09:50:08","guid":{"rendered":"http:\/\/dev.tactic.net\/tuote\/arctic-race\/"},"modified":"2023-10-25T14:10:13","modified_gmt":"2023-10-25T11:10:13","slug":"arctic-race","status":"publish","type":"product","link":"https:\/\/games.tactic.net\/fr\/tuote\/arctic-race\/","title":{"rendered":"Gamestorm Arctic Race"},"content":{"rendered":"<p>Essayez de conduire vos deux \u00e9quipes de chiens de tra\u00eeneaux vers le P\u00f4le Nord dans cette aventure enneig\u00e9e et passionnante ! Votre voyage est p\u00e9rilleux et vos adversaires peuvent aussi placer des obstacles sur votre chemin. \u00c9laborez et utilisez votre \u00e9quipe \u00e0 bon escient afin de battre les autres dans cette passionnante course !<\/p>\n","protected":false},"excerpt":{"rendered":"<p>Essayez de conduire vos deux \u00e9quipes de chiens de tra\u00eeneaux vers le P\u00f4le Nord dans cette aventure enneig\u00e9e et passionnante ! Votre voyage est p\u00e9rilleux et vos adversaires peuvent aussi placer des obstacles sur votre chemin. \u00c9laborez et utilisez votre \u00e9quipe \u00e0 bon escient afin de battre les autres dans cette passionnante course !<\/p>\n","protected":false},"featured_media":0,"template":"","meta":{"content-type":"","_monsterinsights_skip_tracking":false,"_monsterinsights_sitenote_active":false,"_monsterinsights_sitenote_note":"","_monsterinsights_sitenote_category":0},"product_brand":[],"product_cat":[1787],"product_tag":[1246],"brand":[{"id":887,"name":"Gamestorm Studio","slug":"gamestormstudio-fr"}],"target-group":[],"discontinued":[],"class_list":{"0":"post-197583","1":"product","2":"type-product","3":"status-publish","5":"product_cat-jeux-de-strategie-jeux-famille","6":"product_tag-strategie-fr","7":"brand-gamestormstudio-fr","9":"first","10":"instock","11":"taxable","12":"shipping-taxable","13":"product-type-simple"},"aioseo_notices":[],"_links":{"self":[{"href":"https:\/\/games.tactic.net\/fr\/wp-json\/wp\/v2\/product\/197583","targetHints":{"allow":["GET"]}}],"collection":[{"href":"https:\/\/games.tactic.net\/fr\/wp-json\/wp\/v2\/product"}],"about":[{"href":"https:\/\/games.tactic.net\/fr\/wp-json\/wp\/v2\/types\/product"}],"wp:attachment":[{"href":"https:\/\/games.tactic.net\/fr\/wp-json\/wp\/v2\/media?parent=197583"}],"wp:term":[{"taxonomy":"product_brand","embeddable":true,"href":"https:\/\/games.tactic.net\/fr\/wp-json\/wp\/v2\/product_brand?post=197583"},{"taxonomy":"product_cat","embeddable":true,"href":"https:\/\/games.tactic.net\/fr\/wp-json\/wp\/v2\/product_cat?post=197583"},{"taxonomy":"product_tag","embeddable":true,"href":"https:\/\/games.tactic.net\/fr\/wp-json\/wp\/v2\/product_tag?post=197583"},{"taxonomy":"brand","embeddable":true,"href":"https:\/\/games.tactic.net\/fr\/wp-json\/wp\/v2\/brand?post=197583"},{"taxonomy":"target-group","embeddable":true,"href":"https:\/\/games.tactic.net\/fr\/wp-json\/wp\/v2\/target-group?post=197583"},{"taxonomy":"discontinued","embeddable":true,"href":"https:\/\/games.tactic.net\/fr\/wp-json\/wp\/v2\/discontinued?post=197583"}],"curies":[{"name":"wp","href":"https:\/\/api.w.org\/{rel}","templated":true}]}}