{"id":197554,"date":"2021-10-01T12:47:52","date_gmt":"2021-10-01T09:47:52","guid":{"rendered":"http:\/\/dev.tactic.net\/tuote\/canal-king-beijing\/"},"modified":"2022-02-07T10:16:36","modified_gmt":"2022-02-07T08:16:36","slug":"canal-king-beijing","status":"archive","type":"product","link":"https:\/\/games.tactic.net\/fr\/tuote\/canal-king-beijing\/","title":{"rendered":"Canal King Beijing"},"content":{"rendered":"<p>Voyagez dans la Chine Imp\u00e9riale et tenez-vous pr\u00eats<br \/>\npour une bataille f\u00e9roce. Dans Canal King Beijing, les<br \/>\njoueurs sont recrut\u00e9s en tant que contrebandiers afin<br \/>\nde d\u00e9placer des marchandises ill\u00e9gales via les canaux<br \/>\nde Beijing. Ce travail demande toute la ruse dont vous<br \/>\n\u00eates capables, alors gardez l\u2019\u0153il sur la concurrence en<br \/>\nm\u00eame temps que sur les autorit\u00e9s l\u00e9gales. Canal King<br \/>\nBeijing est un jeu familial et strat\u00e9gique.<\/p>\n","protected":false},"excerpt":{"rendered":"<p>Voyagez dans la Chine Imp\u00e9riale et tenez-vous pr\u00eats pour une bataille f\u00e9roce. Dans Canal King Beijing, les joueurs sont recrut\u00e9s en tant que contrebandiers afin de d\u00e9placer des marchandises ill\u00e9gales via les canaux de Beijing. Ce travail demande toute la ruse dont vous \u00eates capables, alors gardez l\u2019\u0153il sur la concurrence en m\u00eame temps que [&hellip;]<\/p>\n","protected":false},"featured_media":0,"template":"","meta":{"content-type":"","_monsterinsights_skip_tracking":false,"_monsterinsights_sitenote_active":false,"_monsterinsights_sitenote_note":"","_monsterinsights_sitenote_category":0},"product_brand":[],"product_cat":[1786,1787],"product_tag":[1246],"brand":[{"id":887,"name":"Gamestorm Studio","slug":"gamestormstudio-fr"}],"target-group":[],"discontinued":[],"class_list":{"0":"post-197554","1":"product","2":"type-product","3":"status-archive","5":"product_cat-jeux-de-strategie-jeux-adultes","6":"product_cat-jeux-de-strategie-jeux-famille","7":"product_tag-strategie-fr","8":"brand-gamestormstudio-fr","10":"first","11":"outofstock","12":"taxable","13":"shipping-taxable","14":"product-type-simple"},"aioseo_notices":[],"_links":{"self":[{"href":"https:\/\/games.tactic.net\/fr\/wp-json\/wp\/v2\/product\/197554","targetHints":{"allow":["GET"]}}],"collection":[{"href":"https:\/\/games.tactic.net\/fr\/wp-json\/wp\/v2\/product"}],"about":[{"href":"https:\/\/games.tactic.net\/fr\/wp-json\/wp\/v2\/types\/product"}],"wp:attachment":[{"href":"https:\/\/games.tactic.net\/fr\/wp-json\/wp\/v2\/media?parent=197554"}],"wp:term":[{"taxonomy":"product_brand","embeddable":true,"href":"https:\/\/games.tactic.net\/fr\/wp-json\/wp\/v2\/product_brand?post=197554"},{"taxonomy":"product_cat","embeddable":true,"href":"https:\/\/games.tactic.net\/fr\/wp-json\/wp\/v2\/product_cat?post=197554"},{"taxonomy":"product_tag","embeddable":true,"href":"https:\/\/games.tactic.net\/fr\/wp-json\/wp\/v2\/product_tag?post=197554"},{"taxonomy":"brand","embeddable":true,"href":"https:\/\/games.tactic.net\/fr\/wp-json\/wp\/v2\/brand?post=197554"},{"taxonomy":"target-group","embeddable":true,"href":"https:\/\/games.tactic.net\/fr\/wp-json\/wp\/v2\/target-group?post=197554"},{"taxonomy":"discontinued","embeddable":true,"href":"https:\/\/games.tactic.net\/fr\/wp-json\/wp\/v2\/discontinued?post=197554"}],"curies":[{"name":"wp","href":"https:\/\/api.w.org\/{rel}","templated":true}]}}