{"id":197525,"date":"2021-10-01T12:45:43","date_gmt":"2021-10-01T09:45:43","guid":{"rendered":"http:\/\/dev.tactic.net\/tuote\/15-minutes-to-escape\/"},"modified":"2023-10-25T14:04:32","modified_gmt":"2023-10-25T11:04:32","slug":"15-minutes-to-escape","status":"publish","type":"product","link":"https:\/\/games.tactic.net\/fr\/tuote\/15-minutes-to-escape\/","title":{"rendered":"Gamestorm 15 Minutes to Escape"},"content":{"rendered":"<p>Un ast\u00e9ro\u00efde a endommag\u00e9 le vaisseau spatial et programm\u00e9 l\u2019ordinateur de bord \u00e0 s\u2019auto-d\u00e9truire. Vous avez 15 minutes pour d\u00e9sactiver tous les interrupteurs rouges avant que le vaisseau n\u2019explose ! Coop\u00e9rez avec les autres joueurs dans cette passionnante course contre la montre.<\/p>\n","protected":false},"excerpt":{"rendered":"<p>Un ast\u00e9ro\u00efde a endommag\u00e9 le vaisseau spatial et programm\u00e9 l\u2019ordinateur de bord \u00e0 s\u2019auto-d\u00e9truire. Vous avez 15 minutes pour d\u00e9sactiver tous les interrupteurs rouges avant que le vaisseau n\u2019explose ! Coop\u00e9rez avec les autres joueurs dans cette passionnante course contre la montre.<\/p>\n","protected":false},"featured_media":0,"template":"","meta":{"content-type":"","_monsterinsights_skip_tracking":false,"_monsterinsights_sitenote_active":false,"_monsterinsights_sitenote_note":"","_monsterinsights_sitenote_category":0},"product_brand":[],"product_cat":[1786,1787],"product_tag":[1326,898],"brand":[{"id":887,"name":"Gamestorm Studio","slug":"gamestormstudio-fr"}],"target-group":[],"discontinued":[],"class_list":{"0":"post-197525","1":"product","2":"type-product","3":"status-publish","5":"product_cat-jeux-de-strategie-jeux-adultes","6":"product_cat-jeux-de-strategie-jeux-famille","7":"product_tag-ensemble","8":"product_tag-tactique","9":"brand-gamestormstudio-fr","11":"first","12":"outofstock","13":"taxable","14":"shipping-taxable","15":"product-type-simple"},"aioseo_notices":[],"_links":{"self":[{"href":"https:\/\/games.tactic.net\/fr\/wp-json\/wp\/v2\/product\/197525","targetHints":{"allow":["GET"]}}],"collection":[{"href":"https:\/\/games.tactic.net\/fr\/wp-json\/wp\/v2\/product"}],"about":[{"href":"https:\/\/games.tactic.net\/fr\/wp-json\/wp\/v2\/types\/product"}],"wp:attachment":[{"href":"https:\/\/games.tactic.net\/fr\/wp-json\/wp\/v2\/media?parent=197525"}],"wp:term":[{"taxonomy":"product_brand","embeddable":true,"href":"https:\/\/games.tactic.net\/fr\/wp-json\/wp\/v2\/product_brand?post=197525"},{"taxonomy":"product_cat","embeddable":true,"href":"https:\/\/games.tactic.net\/fr\/wp-json\/wp\/v2\/product_cat?post=197525"},{"taxonomy":"product_tag","embeddable":true,"href":"https:\/\/games.tactic.net\/fr\/wp-json\/wp\/v2\/product_tag?post=197525"},{"taxonomy":"brand","embeddable":true,"href":"https:\/\/games.tactic.net\/fr\/wp-json\/wp\/v2\/brand?post=197525"},{"taxonomy":"target-group","embeddable":true,"href":"https:\/\/games.tactic.net\/fr\/wp-json\/wp\/v2\/target-group?post=197525"},{"taxonomy":"discontinued","embeddable":true,"href":"https:\/\/games.tactic.net\/fr\/wp-json\/wp\/v2\/discontinued?post=197525"}],"curies":[{"name":"wp","href":"https:\/\/api.w.org\/{rel}","templated":true}]}}