{"id":197496,"date":"2021-10-01T12:44:30","date_gmt":"2021-10-01T09:44:30","guid":{"rendered":"http:\/\/dev.tactic.net\/tuote\/braquage-en-15-minutes\/"},"modified":"2023-10-25T14:03:22","modified_gmt":"2023-10-25T11:03:22","slug":"braquage-en-15-minutes","status":"publish","type":"product","link":"https:\/\/games.tactic.net\/fr\/tuote\/braquage-en-15-minutes\/","title":{"rendered":"Gamestorm Braquage en 15 minutes"},"content":{"rendered":"<p>Vous \u00eates un gang de cambrioleurs aguerris, et vous avez mont\u00e9 le coup du si\u00e8cle. Il vous faudra collecter l\u2019or dans le coffre-fort, le transporter dans l\u2019ascenseur et vous mettre \u00e0 l\u2019abri avant que l\u2019alarme ne se d\u00e9clenche. Pour accomplir cette mission, il faudra faire preuve de coop\u00e9ration : vous gagnez ou perdez tous ensemble !<\/p>\n","protected":false},"excerpt":{"rendered":"<p>Vous \u00eates un gang de cambrioleurs aguerris, et vous avez mont\u00e9 le coup du si\u00e8cle. Il vous faudra collecter l\u2019or dans le coffre-fort, le transporter dans l\u2019ascenseur et vous mettre \u00e0 l\u2019abri avant que l\u2019alarme ne se d\u00e9clenche. Pour accomplir cette mission, il faudra faire preuve de coop\u00e9ration : vous gagnez ou perdez tous ensemble [&hellip;]<\/p>\n","protected":false},"featured_media":0,"template":"","meta":{"content-type":"","_monsterinsights_skip_tracking":false,"_monsterinsights_sitenote_active":false,"_monsterinsights_sitenote_note":"","_monsterinsights_sitenote_category":0},"product_brand":[],"product_cat":[1786,1787],"product_tag":[1326,325],"brand":[{"id":887,"name":"Gamestorm Studio","slug":"gamestormstudio-fr"}],"target-group":[],"discontinued":[],"class_list":{"0":"post-197496","1":"product","2":"type-product","3":"status-publish","5":"product_cat-jeux-de-strategie-jeux-adultes","6":"product_cat-jeux-de-strategie-jeux-famille","7":"product_tag-ensemble","8":"product_tag-vitesse","9":"brand-gamestormstudio-fr","11":"first","12":"outofstock","13":"taxable","14":"shipping-taxable","15":"product-type-simple"},"aioseo_notices":[],"_links":{"self":[{"href":"https:\/\/games.tactic.net\/fr\/wp-json\/wp\/v2\/product\/197496","targetHints":{"allow":["GET"]}}],"collection":[{"href":"https:\/\/games.tactic.net\/fr\/wp-json\/wp\/v2\/product"}],"about":[{"href":"https:\/\/games.tactic.net\/fr\/wp-json\/wp\/v2\/types\/product"}],"wp:attachment":[{"href":"https:\/\/games.tactic.net\/fr\/wp-json\/wp\/v2\/media?parent=197496"}],"wp:term":[{"taxonomy":"product_brand","embeddable":true,"href":"https:\/\/games.tactic.net\/fr\/wp-json\/wp\/v2\/product_brand?post=197496"},{"taxonomy":"product_cat","embeddable":true,"href":"https:\/\/games.tactic.net\/fr\/wp-json\/wp\/v2\/product_cat?post=197496"},{"taxonomy":"product_tag","embeddable":true,"href":"https:\/\/games.tactic.net\/fr\/wp-json\/wp\/v2\/product_tag?post=197496"},{"taxonomy":"brand","embeddable":true,"href":"https:\/\/games.tactic.net\/fr\/wp-json\/wp\/v2\/brand?post=197496"},{"taxonomy":"target-group","embeddable":true,"href":"https:\/\/games.tactic.net\/fr\/wp-json\/wp\/v2\/target-group?post=197496"},{"taxonomy":"discontinued","embeddable":true,"href":"https:\/\/games.tactic.net\/fr\/wp-json\/wp\/v2\/discontinued?post=197496"}],"curies":[{"name":"wp","href":"https:\/\/api.w.org\/{rel}","templated":true}]}}