{"id":197481,"date":"2021-10-01T12:43:20","date_gmt":"2021-10-01T09:43:20","guid":{"rendered":"http:\/\/dev.tactic.net\/tuote\/labyprout\/"},"modified":"2025-10-22T11:10:59","modified_gmt":"2025-10-22T08:10:59","slug":"labyprout","status":"archive","type":"product","link":"https:\/\/games.tactic.net\/fr\/tuote\/labyprout\/","title":{"rendered":"Tactic Laby\u2019Prout"},"content":{"rendered":"<p>Peux-tu le faire sortir du labyrinthe animal ? Pose ton stylo sur le plateau de jeu, cache tes yeux avec un masque et dessine ! Tu peux continuer jusqu\u2019\u00e0 ce que quelqu\u2019un presse le coussin p\u00e9teur pour te faire savoir que tu as dessin\u00e9 sur les lignes. Le premier joueur \u00e0 atteindre la sortie du labyrinthe a gagn\u00e9 !<\/p>\n","protected":false},"excerpt":{"rendered":"<p>Peux-tu le faire sortir du labyrinthe animal ? Pose ton stylo sur le plateau de jeu, cache tes yeux avec un masque et dessine ! Tu peux continuer jusqu\u2019\u00e0 ce que quelqu\u2019un presse le coussin p\u00e9teur pour te faire savoir que tu as dessin\u00e9 sur les lignes. Le premier joueur \u00e0 atteindre la sortie du [&hellip;]<\/p>\n","protected":false},"featured_media":0,"template":"","meta":{"content-type":"","_monsterinsights_skip_tracking":false,"_monsterinsights_sitenote_active":false,"_monsterinsights_sitenote_note":"","_monsterinsights_sitenote_category":0},"product_brand":[],"product_cat":[1860,1858],"product_tag":[1326],"brand":[],"target-group":[],"discontinued":[],"class_list":{"0":"post-197481","1":"product","2":"type-product","3":"status-archive","5":"product_cat-jeux-de-societe","6":"product_cat-jeux-de-societe-enfants","7":"product_tag-ensemble","9":"first","10":"outofstock","11":"taxable","12":"shipping-taxable","13":"product-type-simple"},"aioseo_notices":[],"_links":{"self":[{"href":"https:\/\/games.tactic.net\/fr\/wp-json\/wp\/v2\/product\/197481","targetHints":{"allow":["GET"]}}],"collection":[{"href":"https:\/\/games.tactic.net\/fr\/wp-json\/wp\/v2\/product"}],"about":[{"href":"https:\/\/games.tactic.net\/fr\/wp-json\/wp\/v2\/types\/product"}],"wp:attachment":[{"href":"https:\/\/games.tactic.net\/fr\/wp-json\/wp\/v2\/media?parent=197481"}],"wp:term":[{"taxonomy":"product_brand","embeddable":true,"href":"https:\/\/games.tactic.net\/fr\/wp-json\/wp\/v2\/product_brand?post=197481"},{"taxonomy":"product_cat","embeddable":true,"href":"https:\/\/games.tactic.net\/fr\/wp-json\/wp\/v2\/product_cat?post=197481"},{"taxonomy":"product_tag","embeddable":true,"href":"https:\/\/games.tactic.net\/fr\/wp-json\/wp\/v2\/product_tag?post=197481"},{"taxonomy":"brand","embeddable":true,"href":"https:\/\/games.tactic.net\/fr\/wp-json\/wp\/v2\/brand?post=197481"},{"taxonomy":"target-group","embeddable":true,"href":"https:\/\/games.tactic.net\/fr\/wp-json\/wp\/v2\/target-group?post=197481"},{"taxonomy":"discontinued","embeddable":true,"href":"https:\/\/games.tactic.net\/fr\/wp-json\/wp\/v2\/discontinued?post=197481"}],"curies":[{"name":"wp","href":"https:\/\/api.w.org\/{rel}","templated":true}]}}