{"id":197466,"date":"2021-10-01T12:41:01","date_gmt":"2021-10-01T09:41:01","guid":{"rendered":"http:\/\/dev.tactic.net\/tuote\/crash-lama\/"},"modified":"2022-05-04T13:21:03","modified_gmt":"2022-05-04T10:21:03","slug":"crash-lama","status":"archive","type":"product","link":"https:\/\/games.tactic.net\/fr\/tuote\/crash-lama\/","title":{"rendered":"Crash Lama"},"content":{"rendered":"<p style=\"text-transform: none;text-indent: 0px;letter-spacing: normal;font-family: century-gothic, sans-serif;font-size: medium;font-style: normal;font-weight: 400\">Sais-tu que les lamas n\u2019aiment pas les bruits forts ou<br \/>les comportements grossiers ? Apr\u00e8s cette partie, tu le<br \/>sauras s\u00fbrement ! Lorsque vient ton tour, tire une carte<br \/>dans ton jeu et essaie d\u2019\u00eatre le premier \u00e0 rep\u00e9rer la<br \/>corne ou le vaporisateur. Le premier joueur \u00e0 attraper le<br \/>pistolet \u00e0 eau du lama peut vaporiser le joueur de son<br \/>choix !<br \/>\u2022 Jeu de rep\u00e9rage hilarant pour les joueurs de tous \u00e2ges !<br \/>\u2022 Fourni avec un pistolet \u00e0 eau en plastique du lama.<br \/>\u2022 La combinaison parfaite entre rapidit\u00e9 et humour !<\/p>\n","protected":false},"excerpt":{"rendered":"<div>Sais-tu que les lamas n\u2019aiment pas les bruits forts ou<\/div>\n<div>les comportements grossiers ? Apr\u00e8s cette partie, tu le<\/div>\n<div>sauras s\u00fbrement ! Lorsque vient ton tour, tire une carte<\/div>\n<div>dans ton jeu et essaie d\u2019\u00eatre le premier \u00e0 rep\u00e9rer la<\/div>\n<div>corne ou le vaporisateur. Le premier joueur \u00e0 attraper le<\/div>\n<div>pistolet \u00e0 eau du lama peut vaporiser le joueur de son<\/div>\n<div>choix !<\/div>\n","protected":false},"featured_media":0,"template":"","meta":{"content-type":"","_monsterinsights_skip_tracking":false,"_monsterinsights_sitenote_active":false,"_monsterinsights_sitenote_note":"","_monsterinsights_sitenote_category":0},"product_brand":[],"product_cat":[1905],"product_tag":[1326],"brand":[],"target-group":[],"discontinued":[],"class_list":{"0":"post-197466","1":"product","2":"type-product","3":"status-archive","5":"product_cat-jeux-famille","6":"product_tag-ensemble","8":"first","9":"outofstock","10":"taxable","11":"shipping-taxable","12":"product-type-simple"},"aioseo_notices":[],"_links":{"self":[{"href":"https:\/\/games.tactic.net\/fr\/wp-json\/wp\/v2\/product\/197466","targetHints":{"allow":["GET"]}}],"collection":[{"href":"https:\/\/games.tactic.net\/fr\/wp-json\/wp\/v2\/product"}],"about":[{"href":"https:\/\/games.tactic.net\/fr\/wp-json\/wp\/v2\/types\/product"}],"wp:attachment":[{"href":"https:\/\/games.tactic.net\/fr\/wp-json\/wp\/v2\/media?parent=197466"}],"wp:term":[{"taxonomy":"product_brand","embeddable":true,"href":"https:\/\/games.tactic.net\/fr\/wp-json\/wp\/v2\/product_brand?post=197466"},{"taxonomy":"product_cat","embeddable":true,"href":"https:\/\/games.tactic.net\/fr\/wp-json\/wp\/v2\/product_cat?post=197466"},{"taxonomy":"product_tag","embeddable":true,"href":"https:\/\/games.tactic.net\/fr\/wp-json\/wp\/v2\/product_tag?post=197466"},{"taxonomy":"brand","embeddable":true,"href":"https:\/\/games.tactic.net\/fr\/wp-json\/wp\/v2\/brand?post=197466"},{"taxonomy":"target-group","embeddable":true,"href":"https:\/\/games.tactic.net\/fr\/wp-json\/wp\/v2\/target-group?post=197466"},{"taxonomy":"discontinued","embeddable":true,"href":"https:\/\/games.tactic.net\/fr\/wp-json\/wp\/v2\/discontinued?post=197466"}],"curies":[{"name":"wp","href":"https:\/\/api.w.org\/{rel}","templated":true}]}}