{"id":197409,"date":"2021-10-01T12:38:37","date_gmt":"2021-10-01T09:38:37","guid":{"rendered":"http:\/\/dev.tactic.net\/tuote\/eski-peche\/"},"modified":"2022-02-03T10:17:57","modified_gmt":"2022-02-03T08:17:57","slug":"eski-peche","status":"archive","type":"product","link":"https:\/\/games.tactic.net\/fr\/tuote\/eski-peche\/","title":{"rendered":"Eski\u2019 P\u00eache"},"content":{"rendered":"<p>Faites avancer les aventuriers et essayez de collecter autant que vous le pouvez des disques de poisson du m\u00eame type ! Le joueur ayant la plus grosse prise totale \u00e0 la fin de la partie gagne ! Utilisez un tout petit peu de strat\u00e9gie et que le meilleur gagne dans cette aventure pour toute la famille !<\/p>\n","protected":false},"excerpt":{"rendered":"<p>Faites avancer les aventuriers et essayez de collecter autant que vous le pouvez des disques de poisson du m\u00eame type ! Le joueur ayant la plus grosse prise totale \u00e0 la fin de la partie gagne ! Utilisez un tout petit peu de strat\u00e9gie et que le meilleur gagne dans cette aventure pour toute la famille !<\/p>\n","protected":false},"featured_media":0,"template":"","meta":{"content-type":"","_monsterinsights_skip_tracking":false,"_monsterinsights_sitenote_active":false,"_monsterinsights_sitenote_note":"","_monsterinsights_sitenote_category":0},"product_brand":[],"product_cat":[134],"product_tag":[1326,898],"brand":[],"target-group":[],"discontinued":[],"class_list":{"0":"post-197409","1":"product","2":"type-product","3":"status-archive","5":"product_cat-non-classifiee","6":"product_tag-ensemble","7":"product_tag-tactique","9":"first","10":"outofstock","11":"taxable","12":"shipping-taxable","13":"product-type-simple"},"aioseo_notices":[],"_links":{"self":[{"href":"https:\/\/games.tactic.net\/fr\/wp-json\/wp\/v2\/product\/197409","targetHints":{"allow":["GET"]}}],"collection":[{"href":"https:\/\/games.tactic.net\/fr\/wp-json\/wp\/v2\/product"}],"about":[{"href":"https:\/\/games.tactic.net\/fr\/wp-json\/wp\/v2\/types\/product"}],"wp:attachment":[{"href":"https:\/\/games.tactic.net\/fr\/wp-json\/wp\/v2\/media?parent=197409"}],"wp:term":[{"taxonomy":"product_brand","embeddable":true,"href":"https:\/\/games.tactic.net\/fr\/wp-json\/wp\/v2\/product_brand?post=197409"},{"taxonomy":"product_cat","embeddable":true,"href":"https:\/\/games.tactic.net\/fr\/wp-json\/wp\/v2\/product_cat?post=197409"},{"taxonomy":"product_tag","embeddable":true,"href":"https:\/\/games.tactic.net\/fr\/wp-json\/wp\/v2\/product_tag?post=197409"},{"taxonomy":"brand","embeddable":true,"href":"https:\/\/games.tactic.net\/fr\/wp-json\/wp\/v2\/brand?post=197409"},{"taxonomy":"target-group","embeddable":true,"href":"https:\/\/games.tactic.net\/fr\/wp-json\/wp\/v2\/target-group?post=197409"},{"taxonomy":"discontinued","embeddable":true,"href":"https:\/\/games.tactic.net\/fr\/wp-json\/wp\/v2\/discontinued?post=197409"}],"curies":[{"name":"wp","href":"https:\/\/api.w.org\/{rel}","templated":true}]}}