{"id":197352,"date":"2021-10-01T12:37:25","date_gmt":"2021-10-01T09:37:25","guid":{"rendered":"http:\/\/dev.tactic.net\/tuote\/gold-armada\/"},"modified":"2022-02-04T12:54:42","modified_gmt":"2022-02-04T10:54:42","slug":"gold-armada","status":"publish","type":"product","link":"https:\/\/games.tactic.net\/fr\/tuote\/gold-armada\/","title":{"rendered":"Gold Armada"},"content":{"rendered":"<div>Lancez les d\u00e9s pour gagner le plus de pi\u00e8ces d\u2019or possible ! Plus la partie avance, plus il est difficile de prendre les tr\u00e9sors. <\/div>\n<div>Les bonnes combinaisons de d\u00e9s rapportent des pi\u00e8ces, les mauvaises des jetons cr\u00e2ne. <\/div>\n<div>\u2022 Facile au d\u00e9but, le jeu devient plus difficile au fil de la partie. <\/div>\n<div>\u2022 Convient \u00e0 toute la famille ! <\/div>\n<div>\u2022 Un plateau de jeu magnifiquement illustr\u00e9 !<\/div>\n","protected":false},"excerpt":{"rendered":"<div>Lancez les d\u00e9s pour gagner le plus de pi\u00e8ces d\u2019or possible ! Plus la partie avance, plus il est difficile de prendre les tr\u00e9sors. <\/div>\n<div>Les bonnes combinaisons de d\u00e9s rapportent des pi\u00e8ces, les mauvaises des jetons cr\u00e2ne. <\/div>\n","protected":false},"featured_media":0,"template":"","meta":{"content-type":"","_monsterinsights_skip_tracking":false,"_monsterinsights_sitenote_active":false,"_monsterinsights_sitenote_note":"","_monsterinsights_sitenote_category":0},"product_brand":[],"product_cat":[1860,1858],"product_tag":[373,898],"brand":[],"target-group":[],"discontinued":[],"class_list":{"0":"post-197352","1":"product","2":"type-product","3":"status-publish","5":"product_cat-jeux-de-societe","6":"product_cat-jeux-de-societe-enfants","7":"product_tag-calcul","8":"product_tag-tactique","10":"first","11":"outofstock","12":"taxable","13":"shipping-taxable","14":"product-type-simple"},"aioseo_notices":[],"_links":{"self":[{"href":"https:\/\/games.tactic.net\/fr\/wp-json\/wp\/v2\/product\/197352","targetHints":{"allow":["GET"]}}],"collection":[{"href":"https:\/\/games.tactic.net\/fr\/wp-json\/wp\/v2\/product"}],"about":[{"href":"https:\/\/games.tactic.net\/fr\/wp-json\/wp\/v2\/types\/product"}],"wp:attachment":[{"href":"https:\/\/games.tactic.net\/fr\/wp-json\/wp\/v2\/media?parent=197352"}],"wp:term":[{"taxonomy":"product_brand","embeddable":true,"href":"https:\/\/games.tactic.net\/fr\/wp-json\/wp\/v2\/product_brand?post=197352"},{"taxonomy":"product_cat","embeddable":true,"href":"https:\/\/games.tactic.net\/fr\/wp-json\/wp\/v2\/product_cat?post=197352"},{"taxonomy":"product_tag","embeddable":true,"href":"https:\/\/games.tactic.net\/fr\/wp-json\/wp\/v2\/product_tag?post=197352"},{"taxonomy":"brand","embeddable":true,"href":"https:\/\/games.tactic.net\/fr\/wp-json\/wp\/v2\/brand?post=197352"},{"taxonomy":"target-group","embeddable":true,"href":"https:\/\/games.tactic.net\/fr\/wp-json\/wp\/v2\/target-group?post=197352"},{"taxonomy":"discontinued","embeddable":true,"href":"https:\/\/games.tactic.net\/fr\/wp-json\/wp\/v2\/discontinued?post=197352"}],"curies":[{"name":"wp","href":"https:\/\/api.w.org\/{rel}","templated":true}]}}