{"id":197267,"date":"2021-10-01T12:35:44","date_gmt":"2021-10-01T09:35:44","guid":{"rendered":"http:\/\/dev.tactic.net\/tuote\/fuyons-lechateau-hante-castle\/"},"modified":"2023-10-25T14:36:57","modified_gmt":"2023-10-25T11:36:57","slug":"fuyons-lechateau-hante-castle","status":"publish","type":"product","link":"https:\/\/games.tactic.net\/fr\/tuote\/fuyons-lechateau-hante-castle\/","title":{"rendered":"Tactic Fuyons le Ch\u00e2teau Hant\u00e9 !"},"content":{"rendered":"<p>J\u2019en ai la chair de poule ! Cachez-vous dans un myst\u00e9rieux ch\u00e2teau et \u00e9vitez les fant\u00f4mes qui sont \u00e0 votre recherche dans leur demeure. Cette aventure hant\u00e9e pour toute la famille envoie l\u2019un des joueurs se cacher dans le ch\u00e2teau, tandis que les autres incarnent les fant\u00f4mes et tentent de d\u00e9couvrir sa cachette. L\u2019excitation ne retombera jamais, puisque tout le monde collectera des points jusqu\u2019\u00e0 la toute fin de la partie. Qui va l\u2019emporter ?<\/p>\n","protected":false},"excerpt":{"rendered":"<p>J\u2019en ai la chair de poule ! Cachez-vous dans un myst\u00e9rieux ch\u00e2teau et \u00e9vitez les fant\u00f4mes qui sont \u00e0 votre recherche dans leur demeure. Cette aventure hant\u00e9e pour toute la famille envoie l\u2019un des joueurs se cacher dans le ch\u00e2teau, tandis que les autres incarnent les fant\u00f4mes et tentent de d\u00e9couvrir sa cachette. L\u2019excitation ne [&hellip;]<\/p>\n","protected":false},"featured_media":0,"template":"","meta":{"content-type":"","_monsterinsights_skip_tracking":false,"_monsterinsights_sitenote_active":false,"_monsterinsights_sitenote_note":"","_monsterinsights_sitenote_category":0},"product_brand":[],"product_cat":[1860],"product_tag":[898],"brand":[],"target-group":[],"discontinued":[],"class_list":{"0":"post-197267","1":"product","2":"type-product","3":"status-publish","5":"product_cat-jeux-de-societe","6":"product_tag-tactique","8":"first","9":"instock","10":"taxable","11":"shipping-taxable","12":"product-type-simple"},"aioseo_notices":[],"_links":{"self":[{"href":"https:\/\/games.tactic.net\/fr\/wp-json\/wp\/v2\/product\/197267","targetHints":{"allow":["GET"]}}],"collection":[{"href":"https:\/\/games.tactic.net\/fr\/wp-json\/wp\/v2\/product"}],"about":[{"href":"https:\/\/games.tactic.net\/fr\/wp-json\/wp\/v2\/types\/product"}],"wp:attachment":[{"href":"https:\/\/games.tactic.net\/fr\/wp-json\/wp\/v2\/media?parent=197267"}],"wp:term":[{"taxonomy":"product_brand","embeddable":true,"href":"https:\/\/games.tactic.net\/fr\/wp-json\/wp\/v2\/product_brand?post=197267"},{"taxonomy":"product_cat","embeddable":true,"href":"https:\/\/games.tactic.net\/fr\/wp-json\/wp\/v2\/product_cat?post=197267"},{"taxonomy":"product_tag","embeddable":true,"href":"https:\/\/games.tactic.net\/fr\/wp-json\/wp\/v2\/product_tag?post=197267"},{"taxonomy":"brand","embeddable":true,"href":"https:\/\/games.tactic.net\/fr\/wp-json\/wp\/v2\/brand?post=197267"},{"taxonomy":"target-group","embeddable":true,"href":"https:\/\/games.tactic.net\/fr\/wp-json\/wp\/v2\/target-group?post=197267"},{"taxonomy":"discontinued","embeddable":true,"href":"https:\/\/games.tactic.net\/fr\/wp-json\/wp\/v2\/discontinued?post=197267"}],"curies":[{"name":"wp","href":"https:\/\/api.w.org\/{rel}","templated":true}]}}