{"id":197152,"date":"2021-10-01T12:31:25","date_gmt":"2021-10-01T09:31:25","guid":{"rendered":"http:\/\/dev.tactic.net\/tuote\/pirate-kimble-le-jeu-des-petits-chevaux\/"},"modified":"2025-12-02T09:24:32","modified_gmt":"2025-12-02T07:24:32","slug":"pirate-kimble-le-jeu-des-petits-chevaux","status":"archive","type":"product","link":"https:\/\/games.tactic.net\/fr\/tuote\/pirate-kimble-le-jeu-des-petits-chevaux\/","title":{"rendered":"Tactic Kimble Pirate board game"},"content":{"rendered":"<p>Les pirates sont pr\u00eats pour une course endiabl\u00e9e ! Active le d\u00e9 au milieu du plateau de jeu et d\u00e9place tes pions sur la piste. Le premier joueur \u00e0 d\u00e9placer ses quatre pions tout autour de la piste remporte la partie.<\/p>\n","protected":false},"excerpt":{"rendered":"<p>Les pirates sont pr\u00eats pour une course endiabl\u00e9e ! Active le d\u00e9 au milieu du plateau de jeu et d\u00e9place tes pions sur la piste. Le premier joueur \u00e0 d\u00e9placer ses quatre pions tout autour de la piste remporte la partie.<\/p>\n","protected":false},"featured_media":0,"template":"","meta":{"content-type":"","_monsterinsights_skip_tracking":false,"_monsterinsights_sitenote_active":false,"_monsterinsights_sitenote_note":"","_monsterinsights_sitenote_category":0},"product_brand":[],"product_cat":[1858],"product_tag":[898],"brand":[{"id":1859,"name":"Kimble","slug":"kimble-6"}],"target-group":[],"discontinued":[],"class_list":{"0":"post-197152","1":"product","2":"type-product","3":"status-archive","5":"product_cat-jeux-de-societe-enfants","6":"product_tag-tactique","7":"brand-kimble-6","9":"first","10":"outofstock","11":"taxable","12":"shipping-taxable","13":"product-type-simple"},"aioseo_notices":[],"_links":{"self":[{"href":"https:\/\/games.tactic.net\/fr\/wp-json\/wp\/v2\/product\/197152","targetHints":{"allow":["GET"]}}],"collection":[{"href":"https:\/\/games.tactic.net\/fr\/wp-json\/wp\/v2\/product"}],"about":[{"href":"https:\/\/games.tactic.net\/fr\/wp-json\/wp\/v2\/types\/product"}],"wp:attachment":[{"href":"https:\/\/games.tactic.net\/fr\/wp-json\/wp\/v2\/media?parent=197152"}],"wp:term":[{"taxonomy":"product_brand","embeddable":true,"href":"https:\/\/games.tactic.net\/fr\/wp-json\/wp\/v2\/product_brand?post=197152"},{"taxonomy":"product_cat","embeddable":true,"href":"https:\/\/games.tactic.net\/fr\/wp-json\/wp\/v2\/product_cat?post=197152"},{"taxonomy":"product_tag","embeddable":true,"href":"https:\/\/games.tactic.net\/fr\/wp-json\/wp\/v2\/product_tag?post=197152"},{"taxonomy":"brand","embeddable":true,"href":"https:\/\/games.tactic.net\/fr\/wp-json\/wp\/v2\/brand?post=197152"},{"taxonomy":"target-group","embeddable":true,"href":"https:\/\/games.tactic.net\/fr\/wp-json\/wp\/v2\/target-group?post=197152"},{"taxonomy":"discontinued","embeddable":true,"href":"https:\/\/games.tactic.net\/fr\/wp-json\/wp\/v2\/discontinued?post=197152"}],"curies":[{"name":"wp","href":"https:\/\/api.w.org\/{rel}","templated":true}]}}