{"id":197137,"date":"2021-10-01T12:30:54","date_gmt":"2021-10-01T09:30:54","guid":{"rendered":"http:\/\/dev.tactic.net\/tuote\/chasse-au-tresor-pirates\/"},"modified":"2025-12-02T09:25:50","modified_gmt":"2025-12-02T07:25:51","slug":"chasse-au-tresor-pirates","status":"archive","type":"product","link":"https:\/\/games.tactic.net\/fr\/tuote\/chasse-au-tresor-pirates\/","title":{"rendered":"Tactic Chasse au tr\u00e9sor Pirates"},"content":{"rendered":"<p>Cr\u00e9er une chasse au tr\u00e9sor n\u2019a jamais \u00e9t\u00e9 aussi facile ! Dessine, \u00e9cris ou indique des indices sur les plateaux, et cache-les pour que les pirates les trouvent et envoie la joyeuse \u00e9quip\u00e9e en qu\u00eate du tr\u00e9sor. En plein air ou \u00e0 l\u2019int\u00e9rieur de la maison, c\u2019est toujours une excellente mani\u00e8re d\u2019occuper les enfants !<\/p>\n","protected":false},"excerpt":{"rendered":"<p>Cr\u00e9er une chasse au tr\u00e9sor n\u2019a jamais \u00e9t\u00e9 aussi facile ! Dessine, \u00e9cris ou indique des indices sur les plateaux, et cache-les pour que les pirates les trouvent et envoie la joyeuse \u00e9quip\u00e9e en qu\u00eate du tr\u00e9sor. En plein air ou \u00e0 l\u2019int\u00e9rieur de la maison, c\u2019est toujours une excellente mani\u00e8re d\u2019occuper les enfants !<\/p>\n","protected":false},"featured_media":0,"template":"","meta":{"content-type":"","_monsterinsights_skip_tracking":false,"_monsterinsights_sitenote_active":false,"_monsterinsights_sitenote_note":"","_monsterinsights_sitenote_category":0},"product_brand":[],"product_cat":[1885],"product_tag":[326],"brand":[],"target-group":[],"discontinued":[],"class_list":{"0":"post-197137","1":"product","2":"type-product","3":"status-archive","5":"product_cat-autres-jeux-dexterieur","6":"product_tag-creativite","8":"first","9":"outofstock","10":"taxable","11":"shipping-taxable","12":"product-type-simple"},"aioseo_notices":[],"_links":{"self":[{"href":"https:\/\/games.tactic.net\/fr\/wp-json\/wp\/v2\/product\/197137","targetHints":{"allow":["GET"]}}],"collection":[{"href":"https:\/\/games.tactic.net\/fr\/wp-json\/wp\/v2\/product"}],"about":[{"href":"https:\/\/games.tactic.net\/fr\/wp-json\/wp\/v2\/types\/product"}],"wp:attachment":[{"href":"https:\/\/games.tactic.net\/fr\/wp-json\/wp\/v2\/media?parent=197137"}],"wp:term":[{"taxonomy":"product_brand","embeddable":true,"href":"https:\/\/games.tactic.net\/fr\/wp-json\/wp\/v2\/product_brand?post=197137"},{"taxonomy":"product_cat","embeddable":true,"href":"https:\/\/games.tactic.net\/fr\/wp-json\/wp\/v2\/product_cat?post=197137"},{"taxonomy":"product_tag","embeddable":true,"href":"https:\/\/games.tactic.net\/fr\/wp-json\/wp\/v2\/product_tag?post=197137"},{"taxonomy":"brand","embeddable":true,"href":"https:\/\/games.tactic.net\/fr\/wp-json\/wp\/v2\/brand?post=197137"},{"taxonomy":"target-group","embeddable":true,"href":"https:\/\/games.tactic.net\/fr\/wp-json\/wp\/v2\/target-group?post=197137"},{"taxonomy":"discontinued","embeddable":true,"href":"https:\/\/games.tactic.net\/fr\/wp-json\/wp\/v2\/discontinued?post=197137"}],"curies":[{"name":"wp","href":"https:\/\/api.w.org\/{rel}","templated":true}]}}