{"id":197107,"date":"2021-10-01T12:28:50","date_gmt":"2021-10-01T09:28:50","guid":{"rendered":"http:\/\/dev.tactic.net\/tuote\/peppa-pig-qui-a-marchedans-la-boue\/"},"modified":"2022-03-30T10:40:52","modified_gmt":"2022-03-30T07:40:52","slug":"peppa-pig-qui-a-marchedans-la-boue","status":"archive","type":"product","link":"https:\/\/games.tactic.net\/fr\/tuote\/peppa-pig-qui-a-marchedans-la-boue\/","title":{"rendered":"Peppa Pig &#8211; Qui a march\u00e9 dans la boue ?"},"content":{"rendered":"<p>Vous savez ce qui est g\u00e9nial quand il pleut ? Les<br \/>\ngrandes flaques d\u2019eau boueuses \u00e9videmment ! Les<br \/>\njoueurs font rebondir leur personnage dans autant<br \/>\nde cases que possible dans la bo\u00eete, et y laisse des<br \/>\nempreintes de pas boueuses. Le premier joueur \u00e0<br \/>\nlaisser ses traces dans tout le village remporte la<br \/>\npartie ! Exercer sa motricit\u00e9 fine est amusant avec<br \/>\nPeppa Pig !<\/p>\n","protected":false},"excerpt":{"rendered":"<p>Vous savez ce qui est g\u00e9nial quand il pleut ? Les grandes flaques d\u2019eau boueuses \u00e9videmment ! Les joueurs font rebondir leur personnage dans autant de cases que possible dans la bo\u00eete, et y laisse des empreintes de pas boueuses. Le premier joueur \u00e0 laisser ses traces dans tout le village remporte la partie ! [&hellip;]<\/p>\n","protected":false},"featured_media":0,"template":"","meta":{"content-type":"","_monsterinsights_skip_tracking":false,"_monsterinsights_sitenote_active":false,"_monsterinsights_sitenote_note":"","_monsterinsights_sitenote_category":0},"product_brand":[],"product_cat":[1858],"product_tag":[302,1031],"brand":[],"target-group":[],"discontinued":[],"class_list":{"0":"post-197107","1":"product","2":"type-product","3":"status-archive","5":"product_cat-jeux-de-societe-enfants","6":"product_tag-action","7":"product_tag-chance","9":"first","10":"outofstock","11":"taxable","12":"shipping-taxable","13":"product-type-simple"},"aioseo_notices":[],"_links":{"self":[{"href":"https:\/\/games.tactic.net\/fr\/wp-json\/wp\/v2\/product\/197107","targetHints":{"allow":["GET"]}}],"collection":[{"href":"https:\/\/games.tactic.net\/fr\/wp-json\/wp\/v2\/product"}],"about":[{"href":"https:\/\/games.tactic.net\/fr\/wp-json\/wp\/v2\/types\/product"}],"wp:attachment":[{"href":"https:\/\/games.tactic.net\/fr\/wp-json\/wp\/v2\/media?parent=197107"}],"wp:term":[{"taxonomy":"product_brand","embeddable":true,"href":"https:\/\/games.tactic.net\/fr\/wp-json\/wp\/v2\/product_brand?post=197107"},{"taxonomy":"product_cat","embeddable":true,"href":"https:\/\/games.tactic.net\/fr\/wp-json\/wp\/v2\/product_cat?post=197107"},{"taxonomy":"product_tag","embeddable":true,"href":"https:\/\/games.tactic.net\/fr\/wp-json\/wp\/v2\/product_tag?post=197107"},{"taxonomy":"brand","embeddable":true,"href":"https:\/\/games.tactic.net\/fr\/wp-json\/wp\/v2\/brand?post=197107"},{"taxonomy":"target-group","embeddable":true,"href":"https:\/\/games.tactic.net\/fr\/wp-json\/wp\/v2\/target-group?post=197107"},{"taxonomy":"discontinued","embeddable":true,"href":"https:\/\/games.tactic.net\/fr\/wp-json\/wp\/v2\/discontinued?post=197107"}],"curies":[{"name":"wp","href":"https:\/\/api.w.org\/{rel}","templated":true}]}}