{"id":197077,"date":"2021-10-01T12:26:08","date_gmt":"2021-10-01T09:26:08","guid":{"rendered":"http:\/\/dev.tactic.net\/tuote\/jeu-de-carteslumo-stars\/"},"modified":"2022-02-17T09:56:54","modified_gmt":"2022-02-17T07:56:54","slug":"jeu-de-carteslumo-stars","status":"publish","type":"product","link":"https:\/\/games.tactic.net\/fr\/tuote\/jeu-de-carteslumo-stars\/","title":{"rendered":"Jeu de cartes Lumo Stars"},"content":{"rendered":"<p>Collectionnez le plus de quatuors et gagnez<br \/>\n!Apprenez \u00e0 reconna\u00eetre les couleurs et \u00e0 compter !<\/p>\n","protected":false},"excerpt":{"rendered":"<p>Collectionnez le plus de quatuors et gagnez !Apprenez \u00e0 reconna\u00eetre les couleurs et \u00e0 compter !<\/p>\n","protected":false},"featured_media":0,"template":"","meta":{"content-type":"","_monsterinsights_skip_tracking":false,"_monsterinsights_sitenote_active":false,"_monsterinsights_sitenote_note":"","_monsterinsights_sitenote_category":0},"product_brand":[],"product_cat":[1856,1858],"product_tag":[1236,1259],"brand":[{"id":1021,"name":"Lumo Stars","slug":"lumo-stars_fr"}],"target-group":[],"discontinued":[],"class_list":{"0":"post-197077","1":"product","2":"type-product","3":"status-publish","5":"product_cat-autre","6":"product_cat-jeux-de-societe-enfants","7":"product_tag-combiner-fr","8":"product_tag-lumo-stars-fr","9":"brand-lumo-stars_fr","11":"first","12":"instock","13":"taxable","14":"shipping-taxable","15":"product-type-simple"},"aioseo_notices":[],"_links":{"self":[{"href":"https:\/\/games.tactic.net\/fr\/wp-json\/wp\/v2\/product\/197077","targetHints":{"allow":["GET"]}}],"collection":[{"href":"https:\/\/games.tactic.net\/fr\/wp-json\/wp\/v2\/product"}],"about":[{"href":"https:\/\/games.tactic.net\/fr\/wp-json\/wp\/v2\/types\/product"}],"wp:attachment":[{"href":"https:\/\/games.tactic.net\/fr\/wp-json\/wp\/v2\/media?parent=197077"}],"wp:term":[{"taxonomy":"product_brand","embeddable":true,"href":"https:\/\/games.tactic.net\/fr\/wp-json\/wp\/v2\/product_brand?post=197077"},{"taxonomy":"product_cat","embeddable":true,"href":"https:\/\/games.tactic.net\/fr\/wp-json\/wp\/v2\/product_cat?post=197077"},{"taxonomy":"product_tag","embeddable":true,"href":"https:\/\/games.tactic.net\/fr\/wp-json\/wp\/v2\/product_tag?post=197077"},{"taxonomy":"brand","embeddable":true,"href":"https:\/\/games.tactic.net\/fr\/wp-json\/wp\/v2\/brand?post=197077"},{"taxonomy":"target-group","embeddable":true,"href":"https:\/\/games.tactic.net\/fr\/wp-json\/wp\/v2\/target-group?post=197077"},{"taxonomy":"discontinued","embeddable":true,"href":"https:\/\/games.tactic.net\/fr\/wp-json\/wp\/v2\/discontinued?post=197077"}],"curies":[{"name":"wp","href":"https:\/\/api.w.org\/{rel}","templated":true}]}}