{"id":196991,"date":"2021-10-01T12:22:02","date_gmt":"2021-10-01T09:22:02","guid":{"rendered":"http:\/\/dev.tactic.net\/tuote\/apprenons-denouvelles-competences\/"},"modified":"2023-07-17T14:04:57","modified_gmt":"2023-07-17T11:04:57","slug":"apprenons-denouvelles-competences","status":"archive","type":"product","link":"https:\/\/games.tactic.net\/fr\/tuote\/apprenons-denouvelles-competences\/","title":{"rendered":"Apprenons de Nouvelles Comp\u00e9tences"},"content":{"rendered":"<p>Parfois, le meilleur moyen d\u2019apprendre quelque<br \/>\nchose, c\u2019est en jouant ! Ce jeu est plein de d\u00e9fis<br \/>\namusants qui feront bouger votre enfant, ou le<br \/>\nforceront \u00e0 utiliser sa mati\u00e8re grise \u2013 le tout afin<br \/>\nd\u2019acqu\u00e9rir de nouvelles comp\u00e9tences. Montrez ce<br \/>\nque vous savez faire avec Apprenons de Nouvelles<br \/>\nComp\u00e9tences, et continuez comme \u00e7a !<\/p>\n","protected":false},"excerpt":{"rendered":"<p>Parfois, le meilleur moyen d\u2019apprendre quelque chose, c\u2019est en jouant ! Ce jeu est plein de d\u00e9fis amusants qui feront bouger votre enfant, ou le forceront \u00e0 utiliser sa mati\u00e8re grise \u2013 le tout afin d\u2019acqu\u00e9rir de nouvelles comp\u00e9tences. Montrez ce que vous savez faire avec Apprenons de Nouvelles Comp\u00e9tences, et continuez comme \u00e7a !<\/p>\n","protected":false},"featured_media":0,"template":"","meta":{"content-type":"","_monsterinsights_skip_tracking":false,"_monsterinsights_sitenote_active":false,"_monsterinsights_sitenote_note":"","_monsterinsights_sitenote_category":0},"product_brand":[],"product_cat":[1863],"product_tag":[302,410],"brand":[],"target-group":[],"discontinued":[],"class_list":{"0":"post-196991","1":"product","2":"type-product","3":"status-archive","5":"product_cat-jeux-dapprentissage","6":"product_tag-action","7":"product_tag-educatif","9":"first","10":"outofstock","11":"taxable","12":"shipping-taxable","13":"product-type-simple"},"aioseo_notices":[],"_links":{"self":[{"href":"https:\/\/games.tactic.net\/fr\/wp-json\/wp\/v2\/product\/196991","targetHints":{"allow":["GET"]}}],"collection":[{"href":"https:\/\/games.tactic.net\/fr\/wp-json\/wp\/v2\/product"}],"about":[{"href":"https:\/\/games.tactic.net\/fr\/wp-json\/wp\/v2\/types\/product"}],"wp:attachment":[{"href":"https:\/\/games.tactic.net\/fr\/wp-json\/wp\/v2\/media?parent=196991"}],"wp:term":[{"taxonomy":"product_brand","embeddable":true,"href":"https:\/\/games.tactic.net\/fr\/wp-json\/wp\/v2\/product_brand?post=196991"},{"taxonomy":"product_cat","embeddable":true,"href":"https:\/\/games.tactic.net\/fr\/wp-json\/wp\/v2\/product_cat?post=196991"},{"taxonomy":"product_tag","embeddable":true,"href":"https:\/\/games.tactic.net\/fr\/wp-json\/wp\/v2\/product_tag?post=196991"},{"taxonomy":"brand","embeddable":true,"href":"https:\/\/games.tactic.net\/fr\/wp-json\/wp\/v2\/brand?post=196991"},{"taxonomy":"target-group","embeddable":true,"href":"https:\/\/games.tactic.net\/fr\/wp-json\/wp\/v2\/target-group?post=196991"},{"taxonomy":"discontinued","embeddable":true,"href":"https:\/\/games.tactic.net\/fr\/wp-json\/wp\/v2\/discontinued?post=196991"}],"curies":[{"name":"wp","href":"https:\/\/api.w.org\/{rel}","templated":true}]}}